{"id":1523,"date":"2024-01-28T07:27:33","date_gmt":"2024-01-28T06:27:33","guid":{"rendered":"http:\/\/pansch-research.com\/?page_id=1523"},"modified":"2024-09-27T19:18:32","modified_gmt":"2024-09-27T18:18:32","slug":"the-2024-game-project-and-team","status":"publish","type":"page","link":"https:\/\/pansch-research.com\/?page_id=1523","title":{"rendered":"The 2024 GAME Project and Team"},"content":{"rendered":"<div class=\"page\" title=\"Page 1\">\n<div class=\"section\">\n<div class=\"layoutArea\">\n<div class=\"column\">\n<div class=\"page\" title=\"Page 1\">\n<div class=\"section\">\n<div class=\"layoutArea\">\n<div class=\"column\">\n<p>This 2024 GAME project on light pollution tests its influence on the growth and the attractiveness of macroalgae to grazers simultaneously and worldwide.<\/p>\n<\/div>\n<\/div>\n<\/div>\n<\/div>\n<\/div>\n<\/div>\n<\/div>\n<\/div>\n<p>This year\u2019s GAME Tam is <b>Kristin Wikstr\u00f6m <\/b>(from \u00c5bo Akademi University, Finland)<br \/>\n&amp; <strong>Stephany Saveedra Diaz<\/strong> (from Kiel University, Germany)<\/p>\n<p style=\"font-weight: 400;\"><strong>GAME 2024 at Hus\u00f6 Biologiska Station: Exploring the Impact of Artificial Light At Night (ALAN) on <em>Fucus vesiculosus<\/em> and its interaction with the grazer <em>Idotea balthica<\/em><\/strong><\/p>\n<p style=\"font-weight: 400;\">This year, as part of the Global Approach by Modular Experiments (GAME) project, we are investigating the impact of artificial light at night (ALAN) on macroalgae, focusing on Fucus vesiculosus (bladderwrack) and its interaction with Idotea balthica, the primary grazer of F.vesiculosus. Through the GAME program, our research is part of a global initiative, with similar experiments being conducted worldwide, including our site at Hus\u00f6 in Finland.<\/p>\n<p style=\"font-weight: 400;\"><a href=\"http:\/\/pansch-research.com\/wp-content\/uploads\/2024\/09\/IMG_2843.heic\"><img loading=\"lazy\" decoding=\"async\" class=\"wp-image-1745 alignright\" src=\"http:\/\/pansch-research.com\/wp-content\/uploads\/2024\/09\/IMG_2843.heic\" alt=\"\" width=\"400\" height=\"534\" \/><\/a>Our team at Hus\u00f6 includes Kristin Wikstr\u00f6m from \u00c5bo Akademi University, Finland, and Stephany Saveedra Diaz from Kiel University, Germany. Now in the middle of August, we are entering the concluding weeks of our third and final experiment on ALAN&#8217;s effects. In the experiments, we use three different light conditions as treatments: no ALAN, white ALAN, and yellow ALAN. In the ALAN treatments, we are exposing the algae to 30 lux of light at the water surface to replicate real-life nighttime light scenarios in areas with exposure to artificial light.<\/p>\n<p style=\"font-weight: 400;\">We are also investigating whether the combined effect of grazing by I. balthica and ALAN exposure has a greater impact on the algae than either factor alone. To test this, our experimental setup includes both grazed and non-grazed conditions within each light treatment. To identify potential effects, we measure several response variables, including respiration rate, photosynthetic rate, tissue toughness, color, and growth rate. Additionally, we test the treatment&#8217;s effect on defense responses in <em>F. vesiculosus<\/em> through single-choice feeding assays conducted at the end of the experiments.<\/p>\n<p style=\"font-weight: 400;\">Our experiments are conducted in Hus\u00f6&#8217;s outdoor mesocosms, although the set up resembles an aquarium experiment to ensure consistency with other GAME teams globally. This year&#8217;s project builds on previous GAME research, providing valuable insights into the impacts of ALAN. For more information on previous GAME projects on ALAN, please refer to that year&#8217;s research descriptions, GAME 2023 especially provides insight into the general background of ALAN research.<\/p>\n<p style=\"font-weight: 400;\">The GAME program provides the chance to work with a diverse, international team, collaborating with people from various professional and personal backgrounds. This project not only gives us experience in conducting experimental research but also challenges us to become problem-solvers, project managers, and part-time inventors, builders, and electricians, as well as science communicators. Through our project, we hope to provide insights into the effects of light pollution on marine ecosystems, contributing to informed conservation strategies and a deeper understanding of environmental stressors on marine life in the Baltic Sea<\/p>\n<p style=\"font-weight: 400;\"><a href=\"http:\/\/pansch-research.com\/wp-content\/uploads\/2024\/09\/IMG_1860.heic\"><img loading=\"lazy\" decoding=\"async\" class=\" wp-image-1742 alignleft\" src=\"http:\/\/pansch-research.com\/wp-content\/uploads\/2024\/09\/IMG_1860.heic\" alt=\"\" width=\"334\" height=\"445\" \/><\/a>Hola! I am <span style=\"text-decoration: underline;\"><strong>Stephany<\/strong><\/span>\u00a0from Peru, and I am a master\u2019s degree student in Environmental Management at Kiel University. My work experience has primarily focused on addressing air, water, and soil pollution. However, when I found out about the GAME 2024 research topic on artificial light pollution, I was immediately excited to conduct research on this pioneering subject, aiming to explore potential mitigation strategies and management approaches to reduce the possible negative effects of light pollution.<\/p>\n<p>&nbsp;<\/p>\n<p>&nbsp;<\/p>\n<p>&nbsp;<\/p>\n<p>&nbsp;<\/p>\n<p>&nbsp;<\/p>\n<p style=\"font-weight: 400;\"><img loading=\"lazy\" decoding=\"async\" class=\" wp-image-1743 alignright\" src=\"http:\/\/pansch-research.com\/wp-content\/uploads\/2024\/09\/IMG_3733-2-scaled.jpg\" alt=\"\" width=\"398\" height=\"531\" srcset=\"https:\/\/pansch-research.com\/wp-content\/uploads\/2024\/09\/IMG_3733-2-scaled.jpg 1920w, https:\/\/pansch-research.com\/wp-content\/uploads\/2024\/09\/IMG_3733-2-225x300.jpg 225w, https:\/\/pansch-research.com\/wp-content\/uploads\/2024\/09\/IMG_3733-2-768x1024.jpg 768w, https:\/\/pansch-research.com\/wp-content\/uploads\/2024\/09\/IMG_3733-2-1152x1536.jpg 1152w, https:\/\/pansch-research.com\/wp-content\/uploads\/2024\/09\/IMG_3733-2-1536x2048.jpg 1536w, https:\/\/pansch-research.com\/wp-content\/uploads\/2024\/09\/IMG_3733-2-1200x1600.jpg 1200w\" sizes=\"auto, (max-width: 398px) 85vw, 398px\" \/>Hi, I\u2019m <span style=\"text-decoration: underline;\"><strong>Kristin Wikstr\u00f6m<\/strong><\/span>, and I\u2019m studying Environmental and Marine Biology at \u00c5bo Akademi University. Growing up in the Finnish archipelago, it was impossible not to develop a love and interest for the sea. During my bachelor\u2019s program, I was able to explore this further, combining it with a minor in Computer Science and a thesis on the UN Ocean Decade. Now, in my master\u2019s studies, I\u2019m excited to be part of the GAME program, focusing on experimental ecology for my master\u2019s thesis. I\u2019m hoping we can create some useful knowledge for local conservation and restoration efforts as well as gain insights on a more global scale.<\/p>\n","protected":false},"excerpt":{"rendered":"<p>This 2024 GAME project on light pollution tests its influence on the growth and the attractiveness of macroalgae to grazers simultaneously and worldwide. This year\u2019s GAME Tam is Kristin Wikstr\u00f6m (from \u00c5bo Akademi University, Finland) &amp; Stephany Saveedra Diaz (from Kiel University, Germany) GAME 2024 at Hus\u00f6 Biologiska Station: Exploring the Impact of Artificial Light &hellip; <a href=\"https:\/\/pansch-research.com\/?page_id=1523\" class=\"more-link\">Continue reading<span class=\"screen-reader-text\"> &#8220;The 2024 GAME Project and Team&#8221;<\/span><\/a><\/p>\n","protected":false},"author":1,"featured_media":0,"parent":0,"menu_order":0,"comment_status":"closed","ping_status":"closed","template":"","meta":{"footnotes":""},"class_list":["post-1523","page","type-page","status-publish","hentry"],"_links":{"self":[{"href":"https:\/\/pansch-research.com\/index.php?rest_route=\/wp\/v2\/pages\/1523","targetHints":{"allow":["GET"]}}],"collection":[{"href":"https:\/\/pansch-research.com\/index.php?rest_route=\/wp\/v2\/pages"}],"about":[{"href":"https:\/\/pansch-research.com\/index.php?rest_route=\/wp\/v2\/types\/page"}],"author":[{"embeddable":true,"href":"https:\/\/pansch-research.com\/index.php?rest_route=\/wp\/v2\/users\/1"}],"replies":[{"embeddable":true,"href":"https:\/\/pansch-research.com\/index.php?rest_route=%2Fwp%2Fv2%2Fcomments&post=1523"}],"version-history":[{"count":5,"href":"https:\/\/pansch-research.com\/index.php?rest_route=\/wp\/v2\/pages\/1523\/revisions"}],"predecessor-version":[{"id":1746,"href":"https:\/\/pansch-research.com\/index.php?rest_route=\/wp\/v2\/pages\/1523\/revisions\/1746"}],"wp:attachment":[{"href":"https:\/\/pansch-research.com\/index.php?rest_route=%2Fwp%2Fv2%2Fmedia&parent=1523"}],"curies":[{"name":"wp","href":"https:\/\/api.w.org\/{rel}","templated":true}]}}