{"id":1609,"date":"2024-06-11T07:48:01","date_gmt":"2024-06-11T06:48:01","guid":{"rendered":"http:\/\/pansch-research.com\/?page_id=1609"},"modified":"2025-06-05T12:43:13","modified_gmt":"2025-06-05T11:43:13","slug":"korpostrom-2022","status":"publish","type":"page","link":"https:\/\/pansch-research.com\/?page_id=1609","title":{"rendered":"Korpostr\u00f6m 2022"},"content":{"rendered":"<p>We conducted a mesocosm experiment to assess the independent and combined impact of ecosystem engineers (Mytilus trossulus and Zostera marina) and the presence of the non-indigenous Harris mudcrab (Rhithropanopeus harrisii) under simulated marine heatwaves, on the performance of the three species as well as the recruitment of invertebrates in soft sediments in the Archipelago Sea. The experiment was conducted between July 1st \u2013 September 30th 2022 and utilized 16 tanks, which functioned as water baths, with each mesocosm containing 6 experimental subunits.<\/p>\n<p><img loading=\"lazy\" decoding=\"async\" class=\"alignnone size-full wp-image-1614\" src=\"http:\/\/pansch-research.com\/wp-content\/uploads\/2024\/06\/9.png\" alt=\"\" width=\"3845\" height=\"1145\" srcset=\"https:\/\/pansch-research.com\/wp-content\/uploads\/2024\/06\/9.png 3845w, https:\/\/pansch-research.com\/wp-content\/uploads\/2024\/06\/9-300x89.png 300w, https:\/\/pansch-research.com\/wp-content\/uploads\/2024\/06\/9-1024x305.png 1024w, https:\/\/pansch-research.com\/wp-content\/uploads\/2024\/06\/9-768x229.png 768w, https:\/\/pansch-research.com\/wp-content\/uploads\/2024\/06\/9-1536x457.png 1536w, https:\/\/pansch-research.com\/wp-content\/uploads\/2024\/06\/9-2048x610.png 2048w, https:\/\/pansch-research.com\/wp-content\/uploads\/2024\/06\/9-1200x357.png 1200w\" sizes=\"auto, (max-width: 709px) 85vw, (max-width: 909px) 67vw, (max-width: 1362px) 62vw, 840px\" \/><\/p>\n<p>&nbsp;<\/p>\n<p><strong>MSc and BSc theses<\/strong><\/p>\n<div>\n<p>3. Christopher Jakob Esser \u2013 The influence of a marine heatwave and the presence of a recent invader (NIS) on the establishment of marine benthic communities \u2013 highlighting the absence and presence of habitat engineers (2024) BSc of Science University of M\u00fcnster<\/p>\n<p>2. Joose Janatuinen \u2013 Marina v\u00e4rmeb\u00f6ljor och habitatbildande arters inverkanp\u00e5 etablering av artsamh\u00e4llen (2024). Kandidatavhandling, \u00c5bo Akademi University<\/p>\n<p>1. Riitta Maila Chorfi \u2013 Multiple stressor effect study on Zostera marina\u2019s morphological properties, erosion mitigation capacity and shoot dislodgement in the Turku Archipelago, Finland (2023). MSc thesis University of Akureyri, University Centre of the Westfjords, Iceland<\/p>\n<\/div>\n","protected":false},"excerpt":{"rendered":"<p>We conducted a mesocosm experiment to assess the independent and combined impact of ecosystem engineers (Mytilus trossulus and Zostera marina) and the presence of the non-indigenous Harris mudcrab (Rhithropanopeus harrisii) under simulated marine heatwaves, on the performance of the three species as well as the recruitment of invertebrates in soft sediments in the Archipelago Sea. &hellip; <a href=\"https:\/\/pansch-research.com\/?page_id=1609\" class=\"more-link\">Continue reading<span class=\"screen-reader-text\"> &#8220;Korpostr\u00f6m 2022&#8221;<\/span><\/a><\/p>\n","protected":false},"author":1,"featured_media":0,"parent":1592,"menu_order":0,"comment_status":"closed","ping_status":"closed","template":"","meta":{"footnotes":""},"class_list":["post-1609","page","type-page","status-publish","hentry"],"_links":{"self":[{"href":"https:\/\/pansch-research.com\/index.php?rest_route=\/wp\/v2\/pages\/1609","targetHints":{"allow":["GET"]}}],"collection":[{"href":"https:\/\/pansch-research.com\/index.php?rest_route=\/wp\/v2\/pages"}],"about":[{"href":"https:\/\/pansch-research.com\/index.php?rest_route=\/wp\/v2\/types\/page"}],"author":[{"embeddable":true,"href":"https:\/\/pansch-research.com\/index.php?rest_route=\/wp\/v2\/users\/1"}],"replies":[{"embeddable":true,"href":"https:\/\/pansch-research.com\/index.php?rest_route=%2Fwp%2Fv2%2Fcomments&post=1609"}],"version-history":[{"count":5,"href":"https:\/\/pansch-research.com\/index.php?rest_route=\/wp\/v2\/pages\/1609\/revisions"}],"predecessor-version":[{"id":1873,"href":"https:\/\/pansch-research.com\/index.php?rest_route=\/wp\/v2\/pages\/1609\/revisions\/1873"}],"up":[{"embeddable":true,"href":"https:\/\/pansch-research.com\/index.php?rest_route=\/wp\/v2\/pages\/1592"}],"wp:attachment":[{"href":"https:\/\/pansch-research.com\/index.php?rest_route=%2Fwp%2Fv2%2Fmedia&parent=1609"}],"curies":[{"name":"wp","href":"https:\/\/api.w.org\/{rel}","templated":true}]}}