{"id":1637,"date":"2024-06-11T08:20:16","date_gmt":"2024-06-11T07:20:16","guid":{"rendered":"http:\/\/pansch-research.com\/?page_id=1637"},"modified":"2025-05-19T20:55:18","modified_gmt":"2025-05-19T19:55:18","slug":"publications-2","status":"publish","type":"page","link":"https:\/\/pansch-research.com\/?page_id=1637","title":{"rendered":"Publications"},"content":{"rendered":"<p><span style=\"text-decoration: underline;\"><strong>Peer-reviewed journal publications<\/strong><\/span><\/p>\n<div>1. Gusmao JB, R\u00fchmkorff S, Kraufvelin L, Meysick L, Pansch C (2024) The interplay of co-occurring ecosystem engineers shapes the structure of benthic communities \u2013 a mesocosm experiment. Frontiers in Marine Science 11:1304442 (<a href=\"https:\/\/doi.org\/10.3389\/fmars.2024.1304442\">https:\/\/doi.org\/10.3389\/fmars.2024.1304442<\/a>)<\/div>\n<div><\/div>\n<p>&nbsp;<\/p>\n<p><span style=\"text-decoration: underline;\"><strong>MSc and BSc theses<\/strong><\/span><\/p>\n<div>\n<p>7. Christopher Jakob Esser &#8211; The influence of a marine heatwave and the presence of a recent invader (NIS) on the establishment of marine benthic communities \u2013 highlighting the absence and presence of habitat engineers (2024) BSc of Science University of M\u00fcnster<\/p>\n<p>6. Fynn Robering &#8211; Does a more variable microclimate contribute to an<br \/>\nincreased intraspecific trait variation in <em>Macoma balthica<\/em> (2024) BSc of Science University of M\u00fcnster<\/p>\n<p>5. Lennard Schulte &#8211; Does a more variable microclimate contribute to an<br \/>\nincreased intraspecific trait variation in <em>Mytilus trossulus<\/em> (2024) BSc of Science University of M\u00fcnster<\/p>\n<p>4. Joose Janatuinen &#8211; Marina v\u00e4rmeb\u00f6ljor och habitatbildande arters inverkanp\u00e5 etablering av artsamh\u00e4llen (2024). Kandidatavhandling, \u00c5bo Akademi University<\/p>\n<p>3. Leonie D\u00e4schle and Leonie Zimmermann &#8211; Thermal Performance function of the Invasive Mud crab Rhithropanopeus harrisii (2024). BSc of Science &#8211; Environmental Biosciences Faculty of Spatial and Environmental Sciences Universit\u00e4t Trier<\/p>\n<p>2. Riitta Maila Chorfi &#8211; Multiple stressor effect study on Zostera marina&#8217;s morphological properties, erosion mitigation capacity and shoot dislodgement in the Turku Archipelago, Finland (2023). MSc thesis University of Akureyri, University Centre of the Westfjords, Iceland<\/p>\n<p>1. Sarah R\u00fchmkorff &#8211; Mechanistic functioning in an epi- and infaunal bivalve-seagrass community (2022). MSc thesis Kiel University &amp; GEOMAR, Germany<\/p>\n<p>&nbsp;<\/p>\n<\/div>\n","protected":false},"excerpt":{"rendered":"<p>Peer-reviewed journal publications 1. Gusmao JB, R\u00fchmkorff S, Kraufvelin L, Meysick L, Pansch C (2024) The interplay of co-occurring ecosystem engineers shapes the structure of benthic communities \u2013 a mesocosm experiment. Frontiers in Marine Science 11:1304442 (https:\/\/doi.org\/10.3389\/fmars.2024.1304442) &nbsp; MSc and BSc theses 7. Christopher Jakob Esser &#8211; The influence of a marine heatwave and the &hellip; <a href=\"https:\/\/pansch-research.com\/?page_id=1637\" class=\"more-link\">Continue reading<span class=\"screen-reader-text\"> &#8220;Publications&#8221;<\/span><\/a><\/p>\n","protected":false},"author":1,"featured_media":0,"parent":1592,"menu_order":0,"comment_status":"closed","ping_status":"closed","template":"","meta":{"footnotes":""},"class_list":["post-1637","page","type-page","status-publish","hentry"],"_links":{"self":[{"href":"https:\/\/pansch-research.com\/index.php?rest_route=\/wp\/v2\/pages\/1637","targetHints":{"allow":["GET"]}}],"collection":[{"href":"https:\/\/pansch-research.com\/index.php?rest_route=\/wp\/v2\/pages"}],"about":[{"href":"https:\/\/pansch-research.com\/index.php?rest_route=\/wp\/v2\/types\/page"}],"author":[{"embeddable":true,"href":"https:\/\/pansch-research.com\/index.php?rest_route=\/wp\/v2\/users\/1"}],"replies":[{"embeddable":true,"href":"https:\/\/pansch-research.com\/index.php?rest_route=%2Fwp%2Fv2%2Fcomments&post=1637"}],"version-history":[{"count":5,"href":"https:\/\/pansch-research.com\/index.php?rest_route=\/wp\/v2\/pages\/1637\/revisions"}],"predecessor-version":[{"id":1802,"href":"https:\/\/pansch-research.com\/index.php?rest_route=\/wp\/v2\/pages\/1637\/revisions\/1802"}],"up":[{"embeddable":true,"href":"https:\/\/pansch-research.com\/index.php?rest_route=\/wp\/v2\/pages\/1592"}],"wp:attachment":[{"href":"https:\/\/pansch-research.com\/index.php?rest_route=%2Fwp%2Fv2%2Fmedia&parent=1637"}],"curies":[{"name":"wp","href":"https:\/\/api.w.org\/{rel}","templated":true}]}}