{"id":1709,"date":"2024-07-28T07:40:38","date_gmt":"2024-07-28T06:40:38","guid":{"rendered":"http:\/\/pansch-research.com\/?page_id=1709"},"modified":"2024-07-28T07:40:38","modified_gmt":"2024-07-28T06:40:38","slug":"saskia-funk","status":"publish","type":"page","link":"https:\/\/pansch-research.com\/?page_id=1709","title":{"rendered":"Saskia Funk"},"content":{"rendered":"<p>Hejsan! I\u2019m Saskia and originally from the south of Germany and have now moved north from the University of T\u00fcbingen via the GEOMAR in Kiel to Hus\u00f6 Biologiska Station for the summer! In T\u00fcbingen I <img loading=\"lazy\" decoding=\"async\" class=\" wp-image-1711 alignright\" src=\"http:\/\/pansch-research.com\/wp-content\/uploads\/2024\/07\/Boot-Saskia.jpg\" alt=\"\" width=\"312\" height=\"416\" srcset=\"https:\/\/pansch-research.com\/wp-content\/uploads\/2024\/07\/Boot-Saskia.jpg 1368w, https:\/\/pansch-research.com\/wp-content\/uploads\/2024\/07\/Boot-Saskia-225x300.jpg 225w, https:\/\/pansch-research.com\/wp-content\/uploads\/2024\/07\/Boot-Saskia-768x1024.jpg 768w, https:\/\/pansch-research.com\/wp-content\/uploads\/2024\/07\/Boot-Saskia-1152x1536.jpg 1152w, https:\/\/pansch-research.com\/wp-content\/uploads\/2024\/07\/Boot-Saskia-1200x1600.jpg 1200w\" sizes=\"auto, (max-width: 312px) 85vw, 312px\" \/>study Geoecology with a specialisation in nature conservation and biodiversity. \u00a0<img class=\"alignright\" \/>However, I have so far mainly focused on terrestrial ecosystems and only started to consider marine ecology as a research option after a field course in the summer of last year. Even later that year, a friend from Kiel told me about the GAME project, and I was immediately excited to be a part of the program. Conducting a full project abroad and in the field, while being part of an international group of students, was the perfect option for my Master\u2019s thesis project.<br \/>\nNow that I\u2019m on \u00c5land, I look forward to expanding my knowledge of marine organisms and experimental field methods and enjoying long forest walks and kayaking tours in my free time!<\/p>\n","protected":false},"excerpt":{"rendered":"<p>Hejsan! I\u2019m Saskia and originally from the south of Germany and have now moved north from the University of T\u00fcbingen via the GEOMAR in Kiel to Hus\u00f6 Biologiska Station for the summer! In T\u00fcbingen I study Geoecology with a specialisation in nature conservation and biodiversity. \u00a0However, I have so far mainly focused on terrestrial ecosystems &hellip; <a href=\"https:\/\/pansch-research.com\/?page_id=1709\" class=\"more-link\">Continue reading<span class=\"screen-reader-text\"> &#8220;Saskia Funk&#8221;<\/span><\/a><\/p>\n","protected":false},"author":1,"featured_media":0,"parent":0,"menu_order":0,"comment_status":"closed","ping_status":"closed","template":"","meta":{"footnotes":""},"class_list":["post-1709","page","type-page","status-publish","hentry"],"_links":{"self":[{"href":"https:\/\/pansch-research.com\/index.php?rest_route=\/wp\/v2\/pages\/1709","targetHints":{"allow":["GET"]}}],"collection":[{"href":"https:\/\/pansch-research.com\/index.php?rest_route=\/wp\/v2\/pages"}],"about":[{"href":"https:\/\/pansch-research.com\/index.php?rest_route=\/wp\/v2\/types\/page"}],"author":[{"embeddable":true,"href":"https:\/\/pansch-research.com\/index.php?rest_route=\/wp\/v2\/users\/1"}],"replies":[{"embeddable":true,"href":"https:\/\/pansch-research.com\/index.php?rest_route=%2Fwp%2Fv2%2Fcomments&post=1709"}],"version-history":[{"count":1,"href":"https:\/\/pansch-research.com\/index.php?rest_route=\/wp\/v2\/pages\/1709\/revisions"}],"predecessor-version":[{"id":1712,"href":"https:\/\/pansch-research.com\/index.php?rest_route=\/wp\/v2\/pages\/1709\/revisions\/1712"}],"wp:attachment":[{"href":"https:\/\/pansch-research.com\/index.php?rest_route=%2Fwp%2Fv2%2Fmedia&parent=1709"}],"curies":[{"name":"wp","href":"https:\/\/api.w.org\/{rel}","templated":true}]}}