{"id":1803,"date":"2025-05-19T21:07:19","date_gmt":"2025-05-19T20:07:19","guid":{"rendered":"http:\/\/pansch-research.com\/?page_id=1803"},"modified":"2025-10-13T19:39:11","modified_gmt":"2025-10-13T18:39:11","slug":"the-game-2025-project-and-team","status":"publish","type":"page","link":"https:\/\/pansch-research.com\/?page_id=1803","title":{"rendered":"The 2025 GAME Project and Team"},"content":{"rendered":"<div class=\"page\" title=\"Page 1\">\n<div class=\"section\">\n<div class=\"layoutArea\">\n<div class=\"column\">\n<div class=\"page\" title=\"Page 1\">\n<div class=\"section\">\n<div class=\"layoutArea\">\n<div class=\"column\">\n<p data-wp-editing=\"1\">This <strong>2025 GAME<\/strong> project on artificial light pollution tests its influence on marine epiphytes simultaneously and worldwide.<\/p>\n<\/div>\n<\/div>\n<\/div>\n<\/div>\n<\/div>\n<\/div>\n<\/div>\n<\/div>\n<p>This year\u2019s GAME Team are <strong>Linus Holmlund\u00a0<\/strong>(from \u00c5bo Akademi University, Finland)<br \/>\n&amp; <strong>Pauline Wasle<\/strong> (from Faculdade de Ci\u00eancias e Tecnologia, Portugal); later, <strong>Sarah Holldack<\/strong> (University of Potsdam, Germany) joined the team.<\/p>\n<p><span style=\"text-decoration: underline;\">GAME 2025 at Hus\u00f6 Biologiska Station will Explore the Impact of Artificial Light At Night (ALAN) on <em>Fucus vesiculosus<\/em> and its interaction with its epiphytic\u00a0algae:<\/span> GAME 2025 will focus on the competition between epiphytes and macroalgae. If nocturnal artificial light favours epiphytes, this could lead to a shift in the competitive relationship towards a stronger growth of epiphytes, which in turn could lead to a decline in the horizontal and vertical distribution of macroalgae. By this, artificial light at night could lead to a restructuring of marine benthic habitats. The experiments will be carried out in open water, as a natural pool of spores and cells must be available for the epiphytes to colonise. Appropriate locations by the sea near the GAME partner institutes have already been identified in previous projects. At these sites, it will be possible to permanently install and operate artificial light sources (LED) and place a submersed setup to which macroalgal thalli or thallus sections can be attached.<\/p>\n<p>Read more about Pauline, Linus, and Sarah here:<\/p>\n<p>&#8220;Hej hej, I\u2019m Pauline from Germany, currently doing my Master\u2019s in Marine Biology at the University of Algarve in Portugal. During my Bachelor in Biology in Hamburg, I spent a year in Bod\u00f8, northern Norway, researching subarctic marine ecosystems, which inspired my thesis on seasonal and spatial differences in cryptofaunal communities in rhodolith beds.<a href=\"https:\/\/pansch-research.com\/?attachment_id=1909\" rel=\"attachment wp-att-1909\"><img loading=\"lazy\" decoding=\"async\" class=\"wp-image-1909 size-medium alignright\" src=\"http:\/\/pansch-research.com\/wp-content\/uploads\/2025\/10\/BC2BD290-2F8C-4FA2-85B4-F2D734C79D06-export-225x300.jpg\" alt=\"\" width=\"225\" height=\"300\" srcset=\"https:\/\/pansch-research.com\/wp-content\/uploads\/2025\/10\/BC2BD290-2F8C-4FA2-85B4-F2D734C79D06-export-225x300.jpg 225w, https:\/\/pansch-research.com\/wp-content\/uploads\/2025\/10\/BC2BD290-2F8C-4FA2-85B4-F2D734C79D06-export-768x1024.jpg 768w, https:\/\/pansch-research.com\/wp-content\/uploads\/2025\/10\/BC2BD290-2F8C-4FA2-85B4-F2D734C79D06-export-1152x1536.jpg 1152w, https:\/\/pansch-research.com\/wp-content\/uploads\/2025\/10\/BC2BD290-2F8C-4FA2-85B4-F2D734C79D06-export-1200x1600.jpg 1200w, https:\/\/pansch-research.com\/wp-content\/uploads\/2025\/10\/BC2BD290-2F8C-4FA2-85B4-F2D734C79D06-export.jpg 1536w\" sizes=\"auto, (max-width: 225px) 85vw, 225px\" \/><\/a><br \/>\nI\u2019ve always been fascinated by ecology, and for my Master\u2019s thesis with GAME 2025 I\u2019m now exploring experimental ecology, where we\u2019re looking at how artificial light at night affects epiphytes on marine macrophytes. I\u2019m excited to research on \u00c5land further north again, experiencing the pronounced seasonal changes and seeing how they are reflected in our experiments!&#8221;<\/p>\n<p>&nbsp;<\/p>\n<p>&nbsp;<\/p>\n<p>&#8220;Hi, I&#8217;m Linus Holmlund, a Master&#8217;s student in Environmental and Marine Biology at Abo Akademi University. I have a background in Electrical engineering and computer science, but moved over to Marine biology as the work is both more connected to nature and outdoors. I also enjoy how it combines &#8220;hard and soft sciences&#8221; and allows for investigations into complex emergent systems on molecular to societal scales.<\/p>\n<p><a href=\"https:\/\/pansch-research.com\/?attachment_id=1910\" rel=\"attachment wp-att-1910\"><img loading=\"lazy\" decoding=\"async\" class=\"wp-image-1910 size-medium alignleft\" src=\"http:\/\/pansch-research.com\/wp-content\/uploads\/2025\/10\/Linus-picture-300x201.jpg\" alt=\"\" width=\"300\" height=\"201\" srcset=\"https:\/\/pansch-research.com\/wp-content\/uploads\/2025\/10\/Linus-picture-300x201.jpg 300w, https:\/\/pansch-research.com\/wp-content\/uploads\/2025\/10\/Linus-picture-1024x686.jpg 1024w, https:\/\/pansch-research.com\/wp-content\/uploads\/2025\/10\/Linus-picture-768x514.jpg 768w, https:\/\/pansch-research.com\/wp-content\/uploads\/2025\/10\/Linus-picture-1536x1028.jpg 1536w, https:\/\/pansch-research.com\/wp-content\/uploads\/2025\/10\/Linus-picture-1200x803.jpg 1200w, https:\/\/pansch-research.com\/wp-content\/uploads\/2025\/10\/Linus-picture.jpg 2000w\" sizes=\"auto, (max-width: 300px) 85vw, 300px\" \/><\/a>GAME felt like a unique opportunity to work within the international scientific community, make some new friends<br \/>\nand try my hand at experimental design in the field. It will be interesting to dive into both light pollution and epiphytic communities and see if we can find some clarity in these somewhat understudied fields.&#8221;<\/p>\n<p>&nbsp;<\/p>\n<p>&#8220;I\u2019m Sarah, and a Master\u2019s student in Ecology, Evolution and Conservation at the University of Potsdam.<\/p>\n<p><a href=\"https:\/\/pansch-research.com\/?attachment_id=1912\" rel=\"attachment wp-att-1912\"><img decoding=\"async\" class=\"wp-image-1912 alignright\" src=\"http:\/\/pansch-research.com\/wp-content\/uploads\/2025\/10\/Bewerbungsfoto.tif\" alt=\"\" width=\"180\" \/><\/a>I started my GAME project in Cabo Verde, but after a storm stopped our research, I joined Hus\u00f6 for the final month. I\u2019m excited to experience another location and to complete an experiment in \u00c5land. Although my studies focused more on terrestrial ecology, I\u2019ve always been interested in marine biology, and I\u2019m glad to dedicate my Master\u2019s thesis to this field.&#8221;<\/p>\n<p>&nbsp;<\/p>\n<p>&nbsp;<\/p>\n<p>&nbsp;<\/p>\n<p>&nbsp;<\/p>\n<p>&nbsp;<\/p>\n<p>&nbsp;<\/p>\n<hr \/>\n<figure id=\"attachment_1914\" aria-describedby=\"caption-attachment-1914\" style=\"width: 2560px\" class=\"wp-caption alignnone\"><a href=\"https:\/\/pansch-research.com\/?attachment_id=1914\" rel=\"attachment wp-att-1914\"><img loading=\"lazy\" decoding=\"async\" class=\"wp-image-1914 size-full\" src=\"http:\/\/pansch-research.com\/wp-content\/uploads\/2025\/10\/Screenshot-2025-10-13-at-21.36.38-scaled.png\" alt=\"\" width=\"2560\" height=\"1443\" srcset=\"https:\/\/pansch-research.com\/wp-content\/uploads\/2025\/10\/Screenshot-2025-10-13-at-21.36.38-scaled.png 2560w, https:\/\/pansch-research.com\/wp-content\/uploads\/2025\/10\/Screenshot-2025-10-13-at-21.36.38-300x169.png 300w, https:\/\/pansch-research.com\/wp-content\/uploads\/2025\/10\/Screenshot-2025-10-13-at-21.36.38-1024x577.png 1024w, https:\/\/pansch-research.com\/wp-content\/uploads\/2025\/10\/Screenshot-2025-10-13-at-21.36.38-768x433.png 768w, https:\/\/pansch-research.com\/wp-content\/uploads\/2025\/10\/Screenshot-2025-10-13-at-21.36.38-1536x866.png 1536w, https:\/\/pansch-research.com\/wp-content\/uploads\/2025\/10\/Screenshot-2025-10-13-at-21.36.38-2048x1154.png 2048w, https:\/\/pansch-research.com\/wp-content\/uploads\/2025\/10\/Screenshot-2025-10-13-at-21.36.38-1200x676.png 1200w\" sizes=\"auto, (max-width: 709px) 85vw, (max-width: 909px) 67vw, (max-width: 1362px) 62vw, 840px\" \/><\/a><figcaption id=\"caption-attachment-1914\" class=\"wp-caption-text\">Credits to Pauline, Linus, and Sarah.<\/figcaption><\/figure>\n","protected":false},"excerpt":{"rendered":"<p>This 2025 GAME project on artificial light pollution tests its influence on marine epiphytes simultaneously and worldwide. This year\u2019s GAME Team are Linus Holmlund\u00a0(from \u00c5bo Akademi University, Finland) &amp; Pauline Wasle (from Faculdade de Ci\u00eancias e Tecnologia, Portugal); later, Sarah Holldack (University of Potsdam, Germany) joined the team. GAME 2025 at Hus\u00f6 Biologiska Station will &hellip; <a href=\"https:\/\/pansch-research.com\/?page_id=1803\" class=\"more-link\">Continue reading<span class=\"screen-reader-text\"> &#8220;The 2025 GAME Project and Team&#8221;<\/span><\/a><\/p>\n","protected":false},"author":1,"featured_media":0,"parent":0,"menu_order":0,"comment_status":"closed","ping_status":"closed","template":"","meta":{"footnotes":""},"class_list":["post-1803","page","type-page","status-publish","hentry"],"_links":{"self":[{"href":"https:\/\/pansch-research.com\/index.php?rest_route=\/wp\/v2\/pages\/1803","targetHints":{"allow":["GET"]}}],"collection":[{"href":"https:\/\/pansch-research.com\/index.php?rest_route=\/wp\/v2\/pages"}],"about":[{"href":"https:\/\/pansch-research.com\/index.php?rest_route=\/wp\/v2\/types\/page"}],"author":[{"embeddable":true,"href":"https:\/\/pansch-research.com\/index.php?rest_route=\/wp\/v2\/users\/1"}],"replies":[{"embeddable":true,"href":"https:\/\/pansch-research.com\/index.php?rest_route=%2Fwp%2Fv2%2Fcomments&post=1803"}],"version-history":[{"count":8,"href":"https:\/\/pansch-research.com\/index.php?rest_route=\/wp\/v2\/pages\/1803\/revisions"}],"predecessor-version":[{"id":1916,"href":"https:\/\/pansch-research.com\/index.php?rest_route=\/wp\/v2\/pages\/1803\/revisions\/1916"}],"wp:attachment":[{"href":"https:\/\/pansch-research.com\/index.php?rest_route=%2Fwp%2Fv2%2Fmedia&parent=1803"}],"curies":[{"name":"wp","href":"https:\/\/api.w.org\/{rel}","templated":true}]}}