{"id":1817,"date":"2025-05-28T12:33:54","date_gmt":"2025-05-28T11:33:54","guid":{"rendered":"http:\/\/pansch-research.com\/?page_id=1817"},"modified":"2026-01-11T20:37:42","modified_gmt":"2026-01-11T19:37:42","slug":"first-results","status":"publish","type":"page","link":"https:\/\/pansch-research.com\/?page_id=1817","title":{"rendered":"The very first Results"},"content":{"rendered":"<p>Here are the first results we can share from the <a href=\"https:\/\/skargardscentrum.fi\">Sk\u00e4rg\u00e5rdscentrum Korpostr\u00f6m<\/a><\/p>\n<p>&#8211;&gt; no strong summer, and no heatwave detected in the water; so far &#8230;<\/p>\n<p>These will be updated regularly with the help of the <a href=\"https:\/\/skargardscentrum.fi\/program\/knattelabbet\/\">Knattelabbet<\/a><\/p>\n<p>To help you compare this year with previous ones, we\u2019ve also included temperature curves from the past four years, measured at Sk\u00e4rg\u00e5rdscentrum Korpostr\u00f6m.<\/p>\n<p class=\"p1\"><strong><span class=\"s1\">Some details (as of August 11, 2025):<\/span><\/strong><\/p>\n<p>The heatwave lasted for 27 days (from 16.7.2025 to 11.8.2025)<br \/>\nThe maximum intensity was 6.6 \u00b0C (on 28.7.2025)<br \/>\nThe mean intensity was 4.15 \u00b0C<br \/>\nThe maximum temperature was 25.2 \u00b0C (on 28.7.2025)<\/p>\n<p>The temperature rose very quickly! The average onset rate was about +0.5 \u00b0C\/day, and the average decline rate was -0.3 \u00b0C\/day.<\/p>\n<p class=\"p1\"><span class=\"s1\">To note, similar heatwave intensities have been recorded before, but this year it&#8217;s occurring during &#8220;peak&#8221; summer = which means we are really close to some thermal tolerances of organisms in the Archipelago Sea now.<\/span><\/p>\n<p>&nbsp;<\/p>\n<p><a href=\"https:\/\/pansch-research.com\/?attachment_id=1984\" rel=\"attachment wp-att-1984\"><img loading=\"lazy\" decoding=\"async\" class=\"alignnone size-full wp-image-1984\" src=\"http:\/\/pansch-research.com\/wp-content\/uploads\/2026\/01\/Picture-1-scaled.png\" alt=\"\" width=\"1752\" height=\"2560\" srcset=\"https:\/\/pansch-research.com\/wp-content\/uploads\/2026\/01\/Picture-1-scaled.png 1752w, https:\/\/pansch-research.com\/wp-content\/uploads\/2026\/01\/Picture-1-205x300.png 205w, https:\/\/pansch-research.com\/wp-content\/uploads\/2026\/01\/Picture-1-701x1024.png 701w, https:\/\/pansch-research.com\/wp-content\/uploads\/2026\/01\/Picture-1-768x1122.png 768w, https:\/\/pansch-research.com\/wp-content\/uploads\/2026\/01\/Picture-1-1051x1536.png 1051w, https:\/\/pansch-research.com\/wp-content\/uploads\/2026\/01\/Picture-1-1402x2048.png 1402w, https:\/\/pansch-research.com\/wp-content\/uploads\/2026\/01\/Picture-1-1200x1753.png 1200w\" sizes=\"auto, (max-width: 709px) 85vw, (max-width: 909px) 67vw, (max-width: 1362px) 62vw, 840px\" \/><\/a><\/p>\n<p>&nbsp;<\/p>\n<p>&nbsp;<\/p>\n<pre><em>Shown are recorded temperatures (\u00b0C; solid black lines) at the Korpostr\u00f6m pier at 1 m depth. This dataset was analyzed on the occurrences of heatwaves and cold spells after Hobday et al. (2016), based on modelling using 2006 - 2021 climatological values<\/em> <em>from <a href=\"https:\/\/saaristomeri.utu.fi\/buoyweather\/\">Seili at the University of Turku<\/a> (grey solid line). The thresholds for heatwaves (i.e., 90th percentile) and cold-spells (i.e., 10th percentile) are represented as dotted lines. Temperatures above the climatological values, but below the 90th percentile are shown in orange, whereas temperatures above the 90th percentile are shown in red. Temperatures below the climatological trend, but above the 10th percentile are shown in light-blue, whereas temperatures below the 10th percentile are shown in dark-blue.<\/em><\/pre>\n<p>&nbsp;<\/p>\n<p>&nbsp;<\/p>\n","protected":false},"excerpt":{"rendered":"<p>Here are the first results we can share from the Sk\u00e4rg\u00e5rdscentrum Korpostr\u00f6m &#8211;&gt; no strong summer, and no heatwave detected in the water; so far &#8230; These will be updated regularly with the help of the Knattelabbet To help you compare this year with previous ones, we\u2019ve also included temperature curves from the past four &hellip; <a href=\"https:\/\/pansch-research.com\/?page_id=1817\" class=\"more-link\">Continue reading<span class=\"screen-reader-text\"> &#8220;The very first Results&#8221;<\/span><\/a><\/p>\n","protected":false},"author":1,"featured_media":0,"parent":0,"menu_order":0,"comment_status":"closed","ping_status":"closed","template":"","meta":{"footnotes":""},"class_list":["post-1817","page","type-page","status-publish","hentry"],"_links":{"self":[{"href":"https:\/\/pansch-research.com\/index.php?rest_route=\/wp\/v2\/pages\/1817","targetHints":{"allow":["GET"]}}],"collection":[{"href":"https:\/\/pansch-research.com\/index.php?rest_route=\/wp\/v2\/pages"}],"about":[{"href":"https:\/\/pansch-research.com\/index.php?rest_route=\/wp\/v2\/types\/page"}],"author":[{"embeddable":true,"href":"https:\/\/pansch-research.com\/index.php?rest_route=\/wp\/v2\/users\/1"}],"replies":[{"embeddable":true,"href":"https:\/\/pansch-research.com\/index.php?rest_route=%2Fwp%2Fv2%2Fcomments&post=1817"}],"version-history":[{"count":22,"href":"https:\/\/pansch-research.com\/index.php?rest_route=\/wp\/v2\/pages\/1817\/revisions"}],"predecessor-version":[{"id":1985,"href":"https:\/\/pansch-research.com\/index.php?rest_route=\/wp\/v2\/pages\/1817\/revisions\/1985"}],"wp:attachment":[{"href":"https:\/\/pansch-research.com\/index.php?rest_route=%2Fwp%2Fv2%2Fmedia&parent=1817"}],"curies":[{"name":"wp","href":"https:\/\/api.w.org\/{rel}","templated":true}]}}