{"id":24,"date":"2018-09-02T10:29:46","date_gmt":"2018-09-02T10:29:46","guid":{"rendered":"http:\/\/pansch-research.com\/?page_id=24"},"modified":"2026-03-17T09:49:57","modified_gmt":"2026-03-17T08:49:57","slug":"publications","status":"publish","type":"page","link":"https:\/\/pansch-research.com\/?page_id=24","title":{"rendered":"Publications"},"content":{"rendered":"<p><b>I have currently published 56 peer-reviewed publications in internationally renowned journals (including three recent book chapters), ~60% as first, second or senior author. My citation report shows an H-Index of 21 with more than 1740<\/b><b> citations (Scopus (53 publications included); H-Index of 25 and &gt;2370 citations in Google Scholar; Jan <\/b><b>2026).<\/b><\/p>\n<p><a href=\"https:\/\/orcid.org\/0000-0001-8442-4502\"><strong>OrcID<\/strong><\/a> \/ <strong><a href=\"https:\/\/www.webofscience.com\/wos\/author\/record\/518930\">Web of Science<\/a><\/strong> \/ <a href=\"https:\/\/www.scopus.com\/authid\/detail.uri?authorId=24332727400\"><strong>Scopus<\/strong><\/a> \/\u00a0<a href=\"https:\/\/www.researchgate.net\/profile\/Christian-Pansch\/research\"><strong>Researchgate<\/strong><\/a> \/ <a href=\"https:\/\/scholar.google.com\/citations?hl=de&amp;user=FO749jwAAAAJ\"><strong>Google Scholar<\/strong><\/a><\/p>\n<p>&nbsp;<\/p>\n<p><strong>Peer-reviewed\u00a0Book Chapters<\/strong><\/p>\n<p>3. <strong>Pansch C<\/strong>, Hu M, Weihrauch D, Buschbaum C (2025) Chapter 9 &#8211; Impacts of ocean change on crustaceans. <em>In: The Natural History of the Crustacea &#8211; X The Ecological Role and Conservation of Crustaceans. Edited by Thiel M, Poore A and Gutow L<\/em>. <em><strong>Oxford University Press (<a href=\"https:\/\/global.oup.com\/academic\/product\/ecology-and-conservation-9780197768242?cc=fi&amp;lang=en&amp;#\">https:\/\/global.oup.com\/academic\/product\/ecology-and-conservation-9780197768242?cc=fi&amp;lang=en&amp;#<\/a>)<\/strong><\/em><\/p>\n<p><strong>2.\u00a0<\/strong>Paulom\u00e4ki H and <strong>Pansch C<\/strong> (2025) Chapter 5 Impacts on nature and mitigation of negative effects. In: Introduction to Wind Power by J\u00e4rvinen M and Paulom\u00e4ki H. In: <a href=\"https:\/\/link.springer.com\/book\/10.1007\/978-3-031-69856-9\">Designing Renewable Energy Systems within Planetary Boundaries &#8211; A Textbook for Energy Engineers<\/a>. Edited by J\u00e4rvinen M &amp; Paulom\u00e4ki H. <em><strong>Springer<\/strong><\/em>, ISBN 978-3-031-69855-2<\/p>\n<p>1. Ringbom H, Hellstr\u00f6m M,<strong> Pansch C<\/strong>, Tynkkynen N, T\u00f6rnroos A (2023) The anatomy of complex marine problems: a case study on decision-making on archipelagic aquaculture. <em>In: Understanding environmental change. Edited by Editors: Tynkkynen N, Jetoo S, Kouri J, Laine S and T\u00f6rnroos A<\/em>. <em><strong>Edward Elgar Publishing <\/strong>(<a href=\"https:\/\/www.e-elgar.com\/shop\/gbp\/understanding-marine-changes-9781035311101.html\">https:\/\/www.e-elgar.com\/shop\/gbp\/understanding-marine-changes-9781035311101.html<\/a>)<\/em><\/p>\n<p>&nbsp;<\/p>\n<p><strong>Peer-reviewed Journal Articles<\/strong><\/p>\n<p>53. Herlemann DPR, Riedinger DJ, Juarez VF, Delgado LF, Andersson AF, <strong>Pansch C<\/strong>, Riemann L, Bengtsson MM, Gyraite G, Reusch T, Katarzyte M, Kube S, Martin G, Rakowski M, Labrenz M (2026 in press) Generalist Phyllosphere Taxa Dominate Microbial Communities on Macrophytes Across a Natural Salinity Gradient. <em><strong>Environmental Microbiome<\/strong><\/em><\/p>\n<p>52. Kraufvelin L, <strong>Pansch C<\/strong>, Wolf F, Barboza FR, Vajedsamiei J, Nordstr\u00f6m MC, Kortsch S (2026 in press) Warming simplifies marine ecological networks through losses in trophic and non-trophic interactions. <em><strong>Marine Ecology Progress Series (MEPS) <\/strong><\/em>(<a href=\"https:\/\/doi.org\/10.3354\/meps15092\">https:\/\/doi.org\/10.3354\/meps15092<\/a>)<\/p>\n<p>51. Jahnke M, Ries ST, Enge S, <strong>Pansch C<\/strong>, Hattich G, Bernal-G\u00f3mez M, De Wit P, Havenhand J (2025) The influence of spatial distance and environment on small-scale genetic variability in eelgrass and its application for restoration. <em><strong>Evolutionary Applications\u00a0<\/strong><\/em>(<a href=\"https:\/\/onlinelibrary.wiley.com\/doi\/10.1111\/eva.70127\">https:\/\/doi.org\/10.1111\/eva.70127<\/a>)<\/p>\n<p>50. Hattich GSI, Jahnke M, Enge S, Niemi N, Bernal-G\u00f3mez \u00a0M, De Wit P, Havenhand JN, <strong>Pansch C<\/strong> (2025) Small-scale thermal habitat variability may not determine seagrass resilience to climate change. <em><strong>Limnology and Oceanography <\/strong><\/em>(<a href=\"https:\/\/doi.org\/10.1002\/lno.70049\">https:\/\/doi.org\/10.1002\/lno.70049<\/a>)<\/p>\n<p>49. Staniek MA, <strong>Pansch<\/strong> <strong>C<\/strong>, Shama LNS, Mehler K, Steinmann A, Middelburg JJ, Meysick L (2025) Heatwave intensity drives eco-physiological responses in infaunal bivalves: A mesocosm experiment. <em><strong>Limnology and Oceanography <\/strong>70:417-431 <\/em>(<a href=\"https:\/\/aslopubs.onlinelibrary.wiley.com\/doi\/10.1002\/lno.70012\">https:\/\/aslopubs.onlinelibrary.wiley.com\/doi\/10.1002\/lno.70012<\/a>)<\/p>\n<p>48. Herlemann DPR, Delgado LF, Riedinger DJ, Fern\u00e1ndez-Ju\u00e1rez V, Andersson AF, <strong>Pansch C<\/strong>, Riemann L, Bengtsson MM, Gyrait\u0117 G, Katar\u017eyt\u0117 M, Kisand V, Kube S, Martin G, Piwosz K, Rakowski M, Labrenz M (2025) Low impact of <em>Zostera marina<\/em> meadows on sediment and water microbiota under brackish conditions. <em><strong>Environmental Microbiome<\/strong><\/em> (<a href=\"https:\/\/doi.org\/10.1186\/s40793-024-00662-6\">https:\/\/doi.org\/10.1186\/s40793-024-00662-6<\/a>)<\/p>\n<p>47. Fern\u00e1ndez-Ju\u00e1rez V, Riedinger DJ, Gusmao JB, Delgado-Zambrano LF, Coll-Garc\u00eda G, Papazachariou V, Herlemann DPR, <strong>Pansch C<\/strong>, Andersson AF, Labrenz M, Riemann L. (2024) Temperature, sediment resuspension, and salinity drive the prevalence of <em>Vibrio vulnificus<\/em> in the coastal Baltic Sea. <em><strong>mBio<\/strong><\/em> <em>0:e01569-24<\/em> (<a href=\"https:\/\/doi.org\/10.1128\/mbio.01569-24\">https:\/\/doi.org\/10.1128\/mbio.01569-24<\/a>)<\/p>\n<p style=\"font-weight: 400;\">46. Gyraite G, Katar\u017eyt\u0117 M, Bu\u010das M, Kalvaitien\u0117 G, Kube S, Herlemann DPR, <strong>Pansch C<\/strong>, Andersson AF, Pitkanen T, Hokaj\u00e4rvi AM, Annus-Urmet A, Hauk G, Hippelein M, Lastauskien\u0117 E, Labrenz M (2024) Epidemiological and environmental occurrence of the &#8220;big-four&#8221; <em>Vibrio<\/em> species: A Baltic Sea retrospective, 1994 \u2013 2021. <strong><em>Eurosurveillance <\/em><\/strong><em>29:pii=2400075<\/em><strong><em> (<a href=\"https:\/\/doi.org\/10.2807\/1560-7917.ES.2024.29.32.2400075\">https:\/\/doi.org\/10.2807\/1560-7917.ES.2024.29.32.2400075<\/a>)<\/em><\/strong><\/p>\n<p>45. Ito M, Guy-Haim T, Sawall Y, Franz M, Buchholz B, Hansen T, Neitzel P, <strong>Pansch C<\/strong>, Steinhoff T, Wahl M, Weinberger F, Scotti M (2024) Responses at various levels of ecological hierarchy indicate acclimation to sequential sublethal heatwaves in a temperate benthic ecosystem. <em><strong>Philosophical Transactions B <\/strong>(<a href=\"https:\/\/doi.org\/10.1098\/rstb.2023.0171\">https:\/\/doi.org\/10.1098\/rstb.2023.0171<\/a>)<\/em><\/p>\n<p style=\"font-weight: 400;\">44. Riedinger DJ, Fern\u00e1ndez-Ju\u00e1rez V, Delgado LF, Sperlea T, Hassenr\u00fcck C, Herlemann DPR, <strong>Pansch C<\/strong>, Katar\u017eyt\u0117 M, Bruck F, Ahrens A, Rakowski M, Piwosz K, Stevenson A, Reusch TBH, Gyrait\u0117 G, Schulz-Bull D, Benterbusch-Brockm\u00f6ller H, Kube S, Dupke S, Andersson AF, Riemann L, Labrenz M (2024) Control of <em>Vibrio vulnificus <\/em>proliferation in the Baltic Sea through eutrophication and algal bloom management. <strong><em>Nature Communications Earth Environment <\/em><\/strong><em>5:<\/em><em>246 (<\/em><a href=\"https:\/\/doi.org\/10.1038\/s43247-024-01410-x\">https:\/\/doi.org\/10.1038\/s43247-024-01410-x<\/a>)<\/p>\n<p style=\"font-weight: 400;\"><span lang=\"EN-GB\">43. Gusmao JB, R\u00fchmkorff S, Kraufvelin L, Meysick L, <b>Pansch C<\/b> (2024) The interplay of co-occurring ecosystem engineers shapes the structure of benthic communities &#8211; a mesocosm experiment. <\/span><em><strong>Frontiers in Marine Science <\/strong>11:1304442<strong> (<\/strong><\/em><a href=\"https:\/\/doi.org\/10.3389\/fmars.2024.1304442\">https:\/\/doi.org\/10.3389\/fmars.2024.1304442<\/a>)<\/p>\n<p style=\"font-weight: 400;\">42. R\u00fchmkorff S, Wolf S, Vajedsamiei J, Barboza FR, Hiebenthal C,<strong> Pansch C<\/strong> (2023) Marine heatwaves and hypoxic upwelling shape stress responses in a keystone predator. <em><strong>Proceedings of the Royal Society B: Biological Sciences <\/strong>290:20222262<\/em> (<a href=\"https:\/\/doi.org\/10.1098\/rspb.2022.2262\">https:\/\/doi.org\/10.1098\/rspb.2022.2262<\/a>)<\/p>\n<p style=\"font-weight: 400;\">41. Gerhard M, Koussoroplis A-M, Raatz M,<strong> Pansch C<\/strong>, Fey SB, Vajedsamiei J, Caldero\u0301-Pascual M, Cunillera-Montcusi\u0301 D, Juvigny-Khenafou NPD, Polazzo F, Thomas PK, Symons CC, Bekliog\u0306lu M, Berger SA, Chefaoui RM, Ali Ger K, Langenheder S, Nejstgaard JC, Ptacnik R, Striebel M (2022) Environmental variability in aquatic ecosystems: avenues for future multifactorial experiments. <em><strong>Limnology and Oceanography \u2013 Letters <\/strong>8:247-266<\/em> (<a href=\"https:\/\/doi.org\/10.1002\/lol2.10286\">https:\/\/doi.org\/10.1002\/lol2.10286<\/a>)<\/p>\n<p style=\"font-weight: 400;\">40. Bommarito C, Khosravi M, Thieltges DW,<strong> Pansch C<\/strong>, Hamm T, Pranovi F, Vajedsamiei J (2022) Combined effects of salinity and trematode infections on the filtration capacity, growth and condition of mussels. <em><strong>Marine Ecology-Progress Series <\/strong>699:33-44<\/em>\u00a0(<a href=\"https:\/\/doi.org\/10.3354\/meps14179\">https:\/\/doi.org\/10.3354\/meps14179<\/a>)<\/p>\n<p style=\"font-weight: 400;\">39. Nour OM,<strong> Pansch C<\/strong>, Stumpp M (2022) Freshening and warming may restrict dispersal of <em>Hemigrapsus takanoi<\/em> into the Baltic Proper due to interactive effects on larval survival and feeding. <em><strong>Marine Biology <\/strong>169:125<\/em>\u00a0(<a href=\"https:\/\/doi.org\/10.1007\/s00227-022-04112-0\">https:\/\/doi.org\/10.1007\/s00227-022-04112-0<\/a>)<\/p>\n<p><strong>38. Pansch C<\/strong>, Raatz M, Comeau S, Hui TTY, Havenhand JN, Vajedsamiei J, Cornwall CE (2022) Editorial: Influence of environmental variability on climate change impacts in marine ecosystems. <em><strong>Frontiers in Marine Science\u00a0<\/strong>9:994756\u00a0<\/em>(<a href=\"https:\/\/doi.org\/10.3389\/fmars.2022.994756\">https:\/\/doi.org\/10.3389\/fmars.2022.994756<\/a>)<\/p>\n<p>37. Noisette F,<strong>\u00a0Pansc<\/strong>h <strong>C<\/strong>, Wall M, Wahl M, Hurd CL (2022) Role of hydrodynamics in shaping chemical habitats and modulating the responses of coastal benthic systems to ocean global change. <em><strong>Global Change Biology <\/strong>28:3812-3829<\/em> (<a href=\"https:\/\/doi.org\/10.1111\/gcb.16165\">https:\/\/doi.org\/10.1111\/gcb.16165<\/a>)<\/p>\n<p>36. Wolf F, Seebass K,<strong> Pansch C<\/strong> (2022) The role of recovery phases in mitigating the negative impacts of marine heatwaves on the sea star<em> Asterias rubens<\/em>. <em><strong>Frontiers in Marine Science<\/strong><\/em> <em>8:790241<\/em> (<a href=\"https:\/\/doi.org\/10.3389\/fmars.2021.790241\">https:\/\/doi.org\/10.3389\/fmars.2021.790241<\/a>)<\/p>\n<p>35. Hattich GSI, Listmann L, Govaert L,<strong> Pansch C<\/strong>, Reusch TBC, Matthiessen B (2022) Experimentally decomposing phytoplankton community change into ecological and evolutionary contributions. <em><strong>Functional Ecology <\/strong>36:120-132<b>\u00a0<\/b><\/em>(<a href=\"https:\/\/doi.org\/10.1111\/1365-2435.13923\">https:\/\/doi.org\/10.1111\/1365-2435.13923<\/a>)<\/p>\n<p>34. Bommarito C, Wahl M, Thieltges DW,<strong> Pansch C<\/strong>, Zucchetta M, Pranovi F (2022) Biotic and abiotic drivers affect parasite richness, prevalence and abundance in <em>Mytilus galloprovincialis<\/em> along the Northern Adriatic Sea. <em><strong>Parasitology <\/strong>149:15-23<\/em>(<a href=\"https:\/\/doi.org\/10.1017\/S0031182021001438\">https:\/\/doi.org\/10.1017\/S0031182021001438<\/a>)<\/p>\n<p>33. Sawall Y, Ito M,<strong> Pansch C<\/strong> (2021) Chronically elevated sea surface temperatures revealed high susceptibility of the eelgrass <em>Zostera marina<\/em> to winter and spring warming.\u00a0<em><strong>Limnology and Oceanography <\/strong>66:4112-4124<\/em> (<a href=\"https:\/\/doi.org\/10.1002\/lno.11947\">https:\/\/doi.org\/10.1002\/lno.11947<\/a>)<\/p>\n<p>32. Wahl M, Barboza FR, Buchholz B, Dobretsov S, Guy-Haim T, Rilov G, Sch\u00fctt R, Wolf F, Vajedsamiei J, Yazdanpanah M,<strong> Pansch C<\/strong> (2021) Pulsed pressure: fluctuating impacts of multifactorial environmental change on a temperate macroalgal community. <em><strong>Limnology and Oceanography <\/strong>66:4210-4226\u00a0<\/em>(<a href=\"https:\/\/doi.org\/10.1002\/lno.11954\">https:\/\/doi.org\/10.1002\/lno.11954<\/a>)<\/p>\n<p>31. Vajedsamiei J, Melzner F, Raatz M, Moron S, <strong>Pansch C <\/strong>(2021) Cyclic thermal fluctuations can be burden or relief for an ectotherm depending on fluctuations\u2019 average and amplitude. <em><strong>Functional Ecology <\/strong>35:2483\u20132496<\/em>\u00a0(<a href=\"https:\/\/doi.org\/10.1111\/1365-2435.13889\">https:\/\/doi.org\/10.1111\/1365-2435.13889<\/a>)<\/p>\n<p>30. Nour OM,<strong> Pansch C<\/strong>, Lenz M, Wahl M, Clemmesen-Bockelmann C, Stumpp M (2021) Impaired larval development at low salinities could limit the spread of the non-native crab <em>Hemigrapsus takanoi<\/em> in the Baltic Sea. <strong><em>Aquatic Biology <\/em><\/strong><em>30:85-99<\/em>\u00a0(<a href=\"https:\/\/doi.org\/10.3354\/ab00743\">https:\/\/doi.org\/10.3354\/ab00743<\/a>)<\/p>\n<p>29. Vajedsamiei J, Wahl M, Schmidt A, Yazdanpanahan M,<strong> Pansch M<\/strong> (2021) The higher the needs, the lower the tolerance: Extreme events may select ectotherm recruits with lower metabolic demand and heat sensitivity. <em><strong>Frontiers in Marine Science<\/strong> 8:660427 <\/em>(<a href=\"https:\/\/doi.org\/10.3389\/fmars.2021.660427\">https:\/\/doi.org\/10.3389\/fmars.2021.660427<\/a>)<\/p>\n<p>28. Vajedsamiei J, Melzner F, Raatz M, Kiko R, Khosravi M,<strong> Pansch C<\/strong> (2021) Simultaneous recording of filtration and respiration in marine organisms in response to short-term environmental variability. <em><strong>Limnology and Oceanography \u2013 Methods<\/strong> 19:196-209<\/em> (<a href=\"http:\/\/dx.doi.org\/10.1002\/lom3.10414\">http:\/\/dx.doi.org\/10.1002\/lom3.10414<\/a>)<\/p>\n<p>27. Paiva F, Brennecke D,<strong> Pansch C<\/strong>, Briski E (2021) Consistency of aquatic enclosed experiments: the importance of scale and ecological complexity. <em><strong>Diversity and Distributions<\/strong> 27:524-532\u00a0<\/em>(<a href=\"https:\/\/doi.org\/10.1111\/ddi.13213\">https:\/\/doi.org\/10.1111\/ddi.13213<\/a>)<\/p>\n<p>26. Johnson MJ, Hennigs LM, Sawall Y,<strong> Pansch C<\/strong>, Wall M (2021) Growth response of calcifying marine epibionts to biogenic pH fluctuations and global ocean acidification scenarios. <em><strong>Limnology and Oceanography<\/strong> 66:1125-1138 <\/em>(<a href=\"https:\/\/doi.org\/10.1002\/lno.11669\">https:\/\/doi.org\/10.1002\/lno.11669<\/a>)<\/p>\n<p>25. Bommarito C, Thieltges DW,<strong> Pansch C<\/strong>, Barboza FR, Pranovi F, Wahl M (2020) Effects of first intermediate host density, host size and salinity on trematode infections in mussels of the south-western Baltic Sea. <em><strong>Parasitology<\/strong> 148:486-494\u00a0<\/em>(<a href=\"https:\/\/doi.org\/10.1017\/S0031182020002188\">https:\/\/doi.org\/10.1017\/S0031182020002188<\/a>)<\/p>\n<p>24. Mor\u00f3n Lugo SC, Baumeister M, Nour OM, Wolf F, Stumpp M,<strong> Pansch C<\/strong> (2020) Warming and temperature variability determine the performance of two invertebrate predators. <em><strong>Scientific Reports<\/strong> 10:6780 <\/em>(<a href=\"https:\/\/doi.org\/10.1038\/s41598-020-63679-0\">https:\/\/doi.org\/10.1038\/s41598-020-63679-0<\/a>)<\/p>\n<p>23. Nour OM, Stumpp M, Mor\u00f3n Lugo SC, Barboza FR,<b> Pansch C <\/b>(2020) Population structure of the recent invader <em>Hemigrapsus takanoi <\/em>and prey size selection on Baltic Sea mussels. <em><strong>Aquatic Invasions<\/strong> 15:297-317 <\/em>(<a href=\"https:\/\/doi.org\/10.3391\/ai.2020.15.2.06\">https:\/\/doi.org\/10.3391\/ai.2020.15.2.06<\/a>)<\/p>\n<p>22. Bommarito C,<strong> Pansch C<\/strong>, Khosravi M, Pranovi F, Wahl M, Thieltges DW (2020) Freshening rather than warming drives trematode transmission from periwinkles to mussels. <strong><em>Marine Biology <\/em><\/strong><em>167:46<\/em> (<a href=\"https:\/\/doi.org\/10.1007\/s00227-020-3657-3\">https:\/\/doi.org\/10.1007\/s00227-020-3657-3<\/a>)<\/p>\n<p>21. Saha M, Barboza FR, Somerfield PJ, Al-Janabi B, Beck M, Brakel J, Ito M,<b> Pansch C<\/b>, Nascimento-Schulze JC, Jakobsson Thor SJ, Weinberger F, Sawall Y (2020) Response of foundation macrophytes to near-natural simulated marine heatwaves. <strong><i>Global Change Biology <\/i><\/strong><i>26:417-430<\/i>\u00a0(<a href=\"https:\/\/doi.org\/10.1111\/gcb.14801\">https:\/\/doi.org\/10.1111\/gcb.14801<\/a>)<\/p>\n<p>20. Khosravi M, Nasrolahi A, Shokri MR, Dobretsov S,<b> Pansch C<\/b> (2019)\u00a0Impact of warming on biofouling communities in the northern Persian Gulf. <i><strong>Journal of Thermal Biology<\/strong>\u00a085:102403\u00a0<\/i>(<a href=\"https:\/\/doi.org\/10.1016\/j.jtherbio.2019.102403\">https:\/\/doi.org\/10.1016\/j.jtherbio.2019.102403<\/a>)<\/p>\n<p><b>19. Pansch C<\/b> and Hiebenthal C (2019) A new mesocosm system to study the effects of environmental fluctuations on marine species and communities. <strong><i>Limnology and Oceanography \u2013 Methods<\/i><\/strong> <em>17:145-162<\/em>\u00a0(<a href=\"https:\/\/aslopubs.onlinelibrary.wiley.com\/doi\/full\/10.1002\/lom3.10306\">https:\/\/doi.org\/10.1002\/lom3.10306<\/a>)<\/p>\n<p><b>18. Pansch C<\/b>, Scotti M, Barbozza FR, Al-Janabi B, Briski E, Paiva F, Saha M, Sawall Y, Weinberger F, Yto M, Wahl M (2018) Heat waves and their significance for a temperate benthic community: a near-natural experimental approach. <strong><i>Global Change Biology <\/i><\/strong><em>24:4357-4367<\/em>\u00a0(<a href=\"https:\/\/doi.org\/10.1111\/gcb.14282\">https:\/\/doi.org\/10.1111\/gcb.14282<\/a>)<\/p>\n<p><b>17. Pansch C<\/b>, Hattich GSI, Heinrichs M, Pansch A, Zagrodzka Z, Havenhand JN (2018) Long-term ocean acidification disrupts reproduction in barnacles. <strong><i>PLoS ONE <\/i><\/strong><em>13:e0192036<\/em> (<a href=\"https:\/\/doi.org\/10.1371\/journal.pone.0192036\">https:\/\/doi.org\/10.1371\/journal.pone.0192036<\/a>)<\/p>\n<p>16. Wahl M, Schneider S, Saderne V, Hiebenthal C, M\u00fcller JD,<b> Pansch C<\/b>, Sawall Y (2018) Macroalgae may mitigate ocean acidification effects on mussel calcification by increasing pH and its fluctuations. <strong><i>Limnology and Oceanography <\/i><\/strong><em>63:3-21<\/em> (<a href=\"https:\/\/doi.org\/10.1002\/lno.10608\">https:\/\/doi.org\/10.1002\/lno.10608<\/a>)<\/p>\n<p><b>15. Pansch C<\/b>, Jonsson J, Berglin M, Pinori E, Elwing H, Wrange A-L (2017) A new flow-through bioassay for testing low-emission antifouling coatings. <strong><i>Biofouling <\/i><\/strong><em>33:613-623<\/em> (<a href=\"https:\/\/doi.org\/10.1080\/08927014.2017.1349897\">https:\/\/doi.org\/10.1080\/08927014.2017.1349897<\/a>)<\/p>\n<p>14. Taucher J, Bach LT, Boxhammer T, Nauendorf A, <b>The Gran Canaria KOSMOS Consortium<\/b>, Achterberg EP, Alguer\u00f3-Mu\u00f1iz M, Ar\u00edstegui J, Czerny J, Esposito M, Guan W, Haunost M, Horn HG, Ludwig A, Meyer J, Spisla C, Sswat M, Stange P, Riebesell U (2017) Influence of Ocean Acidification and Deep Water Upwelling on Oligotrophic Plankton Communities in the Subtropical North Atlantic: Insights from an In situ Mesocosm Study. <i><strong>Frontiers in Marine Science<\/strong>\u00a0<\/i><em>4:85<\/em> (<a href=\"https:\/\/doi.org\/10.3389\/fmars.2017.00085\">https:\/\/doi.org\/10.3389\/fmars.2017.00085<\/a>)<\/p>\n<p>13. Bach LT, Taucher J, Boxhammer T, Ludwig A, <strong>The Kristineberg KOSMOS Consortium<\/strong>, Achterberg EP, Alguer\u00f3-Mu\u00f1iz M, Anderson LG, Bellworthy J, B\u00fcdenbender J, Czerny J, Ericson Y, Esposito M, Fischer M, Haunost M, Hellemann D, Horn HG, Hornick T, Meyer J, Sswat M, Zark M, Riebesell U (2016) Influence of Ocean Acidification on a Natural Winter-to-Summer Plankton Succession: First Insights from a Long-Term Mesocosm Study Draw Attention to Periods of Low Nutrient Concentrations. <em><strong>PLoS ONE<\/strong><\/em> <em>11:e0159068<\/em> (<a href=\"https:\/\/doi.org\/10.1371\/journal.pone.0159068\">https:\/\/doi.org\/10.1371\/journal.pone.0159068<\/a>)<\/p>\n<p>12. Nasrolahi A, Havenhand JN, Wrange A-L, <b>Pansch C<\/b> (2016) Population and life-stage specific sensitivities to temperature and salinity stress in barnacles? <strong><i>Scientific Reports <\/i><\/strong><em>6:32263 <\/em>(<a href=\"https:\/\/doi.org\/10.1038\/srep32263\">https:\/\/doi.org\/10.1038\/srep32263<\/a>)<\/p>\n<p>11. Appelhans YS, Thomsen J, Opitz S, <b>Pansch C<\/b>, Melzner F, Wahl M (2014) Juvenile sea stars exposed to acidification decrease feeding and growth with no acclimation potential. <strong><i>Marine Ecology-Progress Series <\/i><\/strong><em>509:227-239<\/em> (<a href=\"https:\/\/doi.org\/10.3354\/meps10884\">https:\/\/doi.org\/10.3354\/meps10884<\/a>)<\/p>\n<p><b>10. Pansch C<\/b>, Schaub I, Havenhand JN, Wahl M (2014) Habitat traits and food availability determine the response of marine invertebrates to ocean acidification. <strong><i>Global Change Biology <\/i><\/strong><em>20:765-777<\/em><i> <\/i>(<a href=\"https:\/\/doi.org\/10.1111\/gcb.12478\">https:\/\/doi.org\/10.1111\/gcb.12478<\/a>)<\/p>\n<p><b>9. Pansch C<\/b>, Nasrolahi A, Appelhans YS, Wahl M (2013) Tolerance of juvenile barnacles (<i>Amphibalanus improvisus<\/i>) to warming and elevated <i>p<\/i>CO2. <strong><i>Marine Biology <\/i><\/strong><em>160:2023-2035<\/em> (<a href=\"https:\/\/doi.org\/10.1007\/s00227-012-2069-4\">https:\/\/doi.org\/10.1007\/s00227-012-2069-4<\/a>)<\/p>\n<p><b>8. Pansch C<\/b>, Schlegel P, Havenhand JN (2013) Larval development of the barnacle <i>Amphibalanus improvisus <\/i>responds variably but robustly to near-future ocean acidification. <strong><i>ICES Journal of Marine Science <\/i><\/strong><em>70:805-811<\/em> (<a href=\"https:\/\/doi.org\/10.1093\/icesjms\/fst092\">https:\/\/doi.org\/10.1093\/icesjms\/fst092<\/a>)<\/p>\n<p>7. Thomsen J, Casties I, <b>Pansch C<\/b>, K\u00f6rtzinger A, Melzner F (2013) Food availability outweighs ocean acidification effects in juvenile <i>Mytilus edulis<\/i>: laboratory and field experiments. <strong><i>Global Change Biology<\/i><\/strong> <em>19:1017-1027<\/em> (<a href=\"https:\/\/doi.org\/10.1111\/gcb.12109\">https:\/\/doi.org\/10.1111\/gcb.12109<\/a>)<\/p>\n<p>6. Nasrolahi A, <b>Pansch C<\/b>, Lenz M, Wahl M (2012) Temperature and salinity interactively impact early juvenile development \u2013 a bottleneck in barnacle ontogeny. <strong><i>Marine Biology<\/i><\/strong> <em>160:1109-1117<\/em> (<a href=\"https:\/\/doi.org\/10.1007\/s00227-012-2162-8\">https:\/\/doi.org\/10.1007\/s00227-012-2162-8<\/a>)<\/p>\n<p><b>5. Pansch C<\/b>, Nasrolahi A, Appelhans YS, Wahl M (2012) Impacts of ocean warming and acidification on the larval development of the barnacle <i>Amphibalanus improvisus<\/i>. <strong><i>Journal of Experimental Marine Biology and Ecology<\/i><\/strong> <em>420:48-55<\/em> (<a href=\"https:\/\/doi.org\/10.1016\/j.jembe.2012.03.023\">https:\/\/doi.org\/10.1016\/j.jembe.2012.03.023<\/a>)<\/p>\n<p>4. Nasrolahi A, <b>Pansch C<\/b>, Lenz M, Wahl M (2012) Being young in a changing world: how temperature and salinity changes interactively modify the performance of larval stages of the barnacle <i>Amphibalanus improvisus<\/i>. <strong><i>Marine Biology<\/i><\/strong> <em>159:331-340<\/em> (<a href=\"https:\/\/doi.org\/10.1007\/s00227-011-1811-7\">https:\/\/doi.org\/10.1007\/s00227-011-1811-7<\/a>)<\/p>\n<p>3. Appelhans YS, Thomsen J, <b>Pansch C<\/b>, Melzner F, Wahl M (2012) Sour times: seawater acidification effects on growth, feeding behaviour and acid-base status of <i>Asterias rubens<\/i> and <i>Carcinus maenas<\/i>. <strong><i>Marine Ecology-Progress Series<\/i><\/strong> <em>459:85-98<\/em> (<a href=\"https:\/\/doi.org\/10.3354\/meps09697\">https:\/\/doi.org\/10.3354\/meps09697<\/a>)<\/p>\n<p><b>2. Pansch C<\/b>, Cerda O, Lenz M, Wahl M, Thiel M (2009) Consequences of light reduction for anti-herbivore defense and bioactivity against mussels in four seaweed species from northern-central Chile. <strong><i>Marine Ecology-Progress Series<\/i><\/strong> <em>381:83-97<\/em> (<a href=\"https:\/\/doi.org\/10.3354\/meps07943\">https:\/\/doi.org\/10.3354\/meps07943<\/a>)<\/p>\n<p><b>1. Pansch C<\/b>, G\u00f3mez I, Roth\u00e4usler E, Veliz K, Thiel M (2008) Species-specific defense strategies of vegetative versus reproductive blades of the Pacific kelps <i>Lessonia nigrescens<\/i> and <i>Macrocystis integrifolia<\/i>. <strong><i>Marine Biology<\/i><\/strong> <em>155:51-62<\/em> (<a href=\"https:\/\/doi.org\/10.1007\/s00227-008-1006-z\">https:\/\/doi.org\/10.1007\/s00227-008-1006-z<\/a>)<\/p>\n","protected":false},"excerpt":{"rendered":"<p>I have currently published 56 peer-reviewed publications in internationally renowned journals (including three recent book chapters), ~60% as first, second or senior author. My citation report shows an H-Index of 21 with more than 1740 citations (Scopus (53 publications included); H-Index of 25 and &gt;2370 citations in Google Scholar; Jan 2026). OrcID \/ Web of &hellip; <a href=\"https:\/\/pansch-research.com\/?page_id=24\" class=\"more-link\">Continue reading<span class=\"screen-reader-text\"> &#8220;Publications&#8221;<\/span><\/a><\/p>\n","protected":false},"author":1,"featured_media":0,"parent":0,"menu_order":2,"comment_status":"closed","ping_status":"closed","template":"","meta":{"footnotes":""},"class_list":["post-24","page","type-page","status-publish","hentry"],"_links":{"self":[{"href":"https:\/\/pansch-research.com\/index.php?rest_route=\/wp\/v2\/pages\/24","targetHints":{"allow":["GET"]}}],"collection":[{"href":"https:\/\/pansch-research.com\/index.php?rest_route=\/wp\/v2\/pages"}],"about":[{"href":"https:\/\/pansch-research.com\/index.php?rest_route=\/wp\/v2\/types\/page"}],"author":[{"embeddable":true,"href":"https:\/\/pansch-research.com\/index.php?rest_route=\/wp\/v2\/users\/1"}],"replies":[{"embeddable":true,"href":"https:\/\/pansch-research.com\/index.php?rest_route=%2Fwp%2Fv2%2Fcomments&post=24"}],"version-history":[{"count":242,"href":"https:\/\/pansch-research.com\/index.php?rest_route=\/wp\/v2\/pages\/24\/revisions"}],"predecessor-version":[{"id":2019,"href":"https:\/\/pansch-research.com\/index.php?rest_route=\/wp\/v2\/pages\/24\/revisions\/2019"}],"wp:attachment":[{"href":"https:\/\/pansch-research.com\/index.php?rest_route=%2Fwp%2Fv2%2Fmedia&parent=24"}],"curies":[{"name":"wp","href":"https:\/\/api.w.org\/{rel}","templated":true}]}}