{"id":330,"date":"2018-11-02T14:17:35","date_gmt":"2018-11-02T13:17:35","guid":{"rendered":"http:\/\/pansch-research.com\/?page_id=330"},"modified":"2021-03-07T20:12:56","modified_gmt":"2021-03-07T19:12:56","slug":"a-barnacle-story","status":"publish","type":"page","link":"https:\/\/pansch-research.com\/?page_id=330","title":{"rendered":"A barnacle story"},"content":{"rendered":"<p><em>Christian Pansch, and many others<\/em><\/p>\n<p>Over the past years, I investigated the impacts of changes in salinity, temperature, and the acidity of the oceans on a common fouler, the acorn barnacle Balanus improvisus (Amphibalanus improvisus).<\/p>\n<figure id=\"attachment_358\" aria-describedby=\"caption-attachment-358\" style=\"width: 660px\" class=\"wp-caption alignnone\"><img loading=\"lazy\" decoding=\"async\" class=\"wp-image-358 size-large\" src=\"http:\/\/pansch-research.com\/wp-content\/uploads\/2018\/11\/Pansch_Christian_Balanus-2-1024x794.jpg\" alt=\"\" width=\"660\" height=\"512\" srcset=\"https:\/\/pansch-research.com\/wp-content\/uploads\/2018\/11\/Pansch_Christian_Balanus-2-1024x794.jpg 1024w, https:\/\/pansch-research.com\/wp-content\/uploads\/2018\/11\/Pansch_Christian_Balanus-2-300x233.jpg 300w, https:\/\/pansch-research.com\/wp-content\/uploads\/2018\/11\/Pansch_Christian_Balanus-2-768x596.jpg 768w\" sizes=\"auto, (max-width: 660px) 85vw, 660px\" \/><figcaption id=\"caption-attachment-358\" class=\"wp-caption-text\">The barnacle<em> Balanus improvisus<\/em><\/figcaption><\/figure>\n<p>Global climate models project acidification of the world\u2019s oceans. Regional projections show that local acidification may be strong, and may interact with additional drivers. Thus, shifts of means and extremes of environmental factors will influence key biological processes, drive species\u2019 plasticity and adaptation, and alter structure and functioning of ecosystems. Within this framework, organisms from more stable environments might be more vulnerable to future shifts and extremes than organisms from habitats with naturally highly fluctuating conditions.<\/p>\n<p>We investigated the effects of changes in seawater pH and salinity on two populations of the barnacle\u00a0Balanus improvisus\u00a0(all life-history stages up to entire life span), from the Western Baltic Sea (Kiel, Germany) and the Swedish west coast (Tj\u00e4rn\u00f6). Kiel Fjord waters are characterized by strong seasonal fluctuations in pH, while Tj\u00e4rn\u00f6 waters display a more stable pH environment. Conversely, salinity varies much more strongly in the Tj\u00e4rn\u00f6 archipelago. In contrast to the robust Kiel population, acidification negatively impacted Tj\u00e4rn\u00f6 barnacles, and there were no signs of long-term acclimation. Survivors of long-term acidification were, nevertheless, able to grow in similar rates to similar sizes as control individuals, although these individuals were not capable of reproducing. Effects of salinity did not, however, follow the hypothesized pattern: barnacle larval development showed very broad salinity tolerance norms with a maximum at intermediate salinities. This suggests that salinity tolerances of larvae from the two different populations reflect salinities in their native habitats, but are nonetheless suboptimal. Acidification effects were detrimental for the Tj\u00e4rn\u00f6, but not for the Kiel population. Thus, acidification represents a clear and significant bottleneck in the ontogeny of the Tj\u00e4rn\u00f6 barnacle population that may limit its potential to persist in a future ocean.<\/p>\n<figure id=\"attachment_359\" aria-describedby=\"caption-attachment-359\" style=\"width: 660px\" class=\"wp-caption alignnone\"><img loading=\"lazy\" decoding=\"async\" class=\"wp-image-359 size-large\" src=\"http:\/\/pansch-research.com\/wp-content\/uploads\/2018\/11\/c6000222_002-1024x771.jpg\" alt=\"\" width=\"660\" height=\"497\" srcset=\"https:\/\/pansch-research.com\/wp-content\/uploads\/2018\/11\/c6000222_002-1024x771.jpg 1024w, https:\/\/pansch-research.com\/wp-content\/uploads\/2018\/11\/c6000222_002-300x226.jpg 300w, https:\/\/pansch-research.com\/wp-content\/uploads\/2018\/11\/c6000222_002-768x578.jpg 768w, https:\/\/pansch-research.com\/wp-content\/uploads\/2018\/11\/c6000222_002.jpg 1360w\" sizes=\"auto, (max-width: 660px) 85vw, 660px\" \/><figcaption id=\"caption-attachment-359\" class=\"wp-caption-text\">Capris larvae of the barnacle <em>Balanus improvisus<\/em><\/figcaption><\/figure>\n<p>&nbsp;<\/p>\n<p style=\"text-align: left;\"><strong><span style=\"color: #000000;\">This work is published in:<\/span><\/strong><\/p>\n<p style=\"text-align: left;\"><span style=\"color: #000000;\">Pansch et al. (2018) Long-term ocean acidification disrupts reproduction in barnacles. PlosONE13(2): e0192036<\/span><\/p>\n<p style=\"text-align: left;\"><span style=\"color: #000000;\">Nasrolahi et al. (2016) Population and life-stage specific sensitivities to temperature and salinity stress in barnacles? Nature &#8211; Scientific Reports 6:32263<\/span><\/p>\n<p style=\"text-align: left;\"><span style=\"color: #000000;\">Pansch et al. (2014) Habitat traits and food availability determine the response of marine invertebrates to ocean acidification. Global Change Biology 20:765-777<\/span><\/p>\n<p style=\"text-align: left;\"><span style=\"color: #000000;\">Pansch et al. (2013) Tolerance of juvenile barnacles (Amphibalanus improvisus) to warming and elevated pCO2. Marine Biology (Special Issue on Ocean Acidification) 160:2023-2035<\/span><\/p>\n<p style=\"text-align: left;\"><span style=\"color: #000000;\">Pansch et al. (2013) Larval development of the barnacle Amphibalanus improvisus responds variably but robustly to near-future ocean acidification. ICES Journal of Marine Science70:805-811<\/span><\/p>\n<p style=\"text-align: left;\"><span style=\"color: #000000;\">Nasrolahi et al. (2012) Temperature and salinity interactively impact early juvenile development &#8211; a bottleneck in barnacle ontogeny. Marine Biology 160:1109-1117<\/span><\/p>\n<p style=\"text-align: left;\"><span style=\"color: #000000;\">Pansch et al. (2012) Impacts of ocean warming and acidification on the larval development of the barnacle Amphibalanus improvisus. Journal of Experimental Marine Biology and Ecology 420:48-55<\/span><\/p>\n<p style=\"text-align: left;\"><span style=\"color: #000000;\">Nasrolahi et al.(2012) Being young in a changing world: how temperature and salinity changes interactively modify the performance of larval stages of the barnacle Amphibalanus improvisus. Marine Biology 159:331-340<\/span><\/p>\n","protected":false},"excerpt":{"rendered":"<p>Christian Pansch, and many others Over the past years, I investigated the impacts of changes in salinity, temperature, and the acidity of the oceans on a common fouler, the acorn barnacle Balanus improvisus (Amphibalanus improvisus). Global climate models project acidification of the world\u2019s oceans. Regional projections show that local acidification may be strong, and may &hellip; <a href=\"https:\/\/pansch-research.com\/?page_id=330\" class=\"more-link\">Continue reading<span class=\"screen-reader-text\"> &#8220;A barnacle story&#8221;<\/span><\/a><\/p>\n","protected":false},"author":1,"featured_media":0,"parent":0,"menu_order":0,"comment_status":"closed","ping_status":"closed","template":"","meta":{"footnotes":""},"class_list":["post-330","page","type-page","status-publish","hentry"],"_links":{"self":[{"href":"https:\/\/pansch-research.com\/index.php?rest_route=\/wp\/v2\/pages\/330","targetHints":{"allow":["GET"]}}],"collection":[{"href":"https:\/\/pansch-research.com\/index.php?rest_route=\/wp\/v2\/pages"}],"about":[{"href":"https:\/\/pansch-research.com\/index.php?rest_route=\/wp\/v2\/types\/page"}],"author":[{"embeddable":true,"href":"https:\/\/pansch-research.com\/index.php?rest_route=\/wp\/v2\/users\/1"}],"replies":[{"embeddable":true,"href":"https:\/\/pansch-research.com\/index.php?rest_route=%2Fwp%2Fv2%2Fcomments&post=330"}],"version-history":[{"count":11,"href":"https:\/\/pansch-research.com\/index.php?rest_route=\/wp\/v2\/pages\/330\/revisions"}],"predecessor-version":[{"id":909,"href":"https:\/\/pansch-research.com\/index.php?rest_route=\/wp\/v2\/pages\/330\/revisions\/909"}],"wp:attachment":[{"href":"https:\/\/pansch-research.com\/index.php?rest_route=%2Fwp%2Fv2%2Fmedia&parent=330"}],"curies":[{"name":"wp","href":"https:\/\/api.w.org\/{rel}","templated":true}]}}