{"id":743,"date":"2020-03-17T17:46:57","date_gmt":"2020-03-17T16:46:57","guid":{"rendered":"http:\/\/pansch-research.com\/?page_id=743"},"modified":"2023-03-10T05:50:29","modified_gmt":"2023-03-10T04:50:29","slug":"lucinda-kraufvelin","status":"publish","type":"page","link":"https:\/\/pansch-research.com\/?page_id=743","title":{"rendered":"Lucinda Kraufvelin"},"content":{"rendered":"<p>PhD candidate at \u00c5bo Akademi University.<\/p>\n<p><img loading=\"lazy\" decoding=\"async\" class=\"wp-image-744 alignleft\" src=\"http:\/\/pansch-research.com\/wp-content\/uploads\/2020\/03\/Picture-Lucinda-1024x768.jpg\" alt=\"\" width=\"368\" height=\"276\" srcset=\"https:\/\/pansch-research.com\/wp-content\/uploads\/2020\/03\/Picture-Lucinda-1024x768.jpg 1024w, https:\/\/pansch-research.com\/wp-content\/uploads\/2020\/03\/Picture-Lucinda-300x225.jpg 300w, https:\/\/pansch-research.com\/wp-content\/uploads\/2020\/03\/Picture-Lucinda-768x576.jpg 768w, https:\/\/pansch-research.com\/wp-content\/uploads\/2020\/03\/Picture-Lucinda-1536x1152.jpg 1536w, https:\/\/pansch-research.com\/wp-content\/uploads\/2020\/03\/Picture-Lucinda-1200x900.jpg 1200w, https:\/\/pansch-research.com\/wp-content\/uploads\/2020\/03\/Picture-Lucinda.jpg 1600w\" sizes=\"auto, (max-width: 368px) 85vw, 368px\" \/>I am a PhD student at \u00c5bo Akademi University, currently working at the Subject of Environmental and Marine Biology with Marie Nordstr\u00f6m and Christian Pansch as my supervisors. Growing up on the Baltic Sea coast, I have constantly been exposed to and curious about the marine environment, which led me to pursue an education in Biology. Over the course of my studies, I have become intrigued with climate change and stress ecology. I completed my MSc thesis with Christian Pansch as my supervisor in the spring of 2021. The title of my MSc thesis is \u201cIdentification of marine heatwaves in the Archipelago Sea and experimental testing of their impact on the non-indigenous Harris mud crab\u201d. In short, I modelled marine heatwave characteristics of the Archipelago Sea and experimentally exposed mud crabs to marine heatwaves of differing intensities, measuring survival as well as feeding and growth rates.<\/p>\n<p>For my PhD studies, I will continue working with marine heatwaves and non-indigenous species, but rather than merely examining single species responses, I plan to look at this aspect from the community response perspective and determine how these drivers have impacted and will impact marine food webs, energy flows and their functioning in the future. More specifically, I intend to determine marine heatwave effects on overall food web structure and function, with the possibility to focus on individual trophic links of interest. Also, I intend to experimentally test the added effect of a non-indigenous species on the community response during a marine heatwave.<\/p>\n<p>&nbsp;<\/p>\n","protected":false},"excerpt":{"rendered":"<p>PhD candidate at \u00c5bo Akademi University. I am a PhD student at \u00c5bo Akademi University, currently working at the Subject of Environmental and Marine Biology with Marie Nordstr\u00f6m and Christian Pansch as my supervisors. Growing up on the Baltic Sea coast, I have constantly been exposed to and curious about the marine environment, which led &hellip; <a href=\"https:\/\/pansch-research.com\/?page_id=743\" class=\"more-link\">Continue reading<span class=\"screen-reader-text\"> &#8220;Lucinda Kraufvelin&#8221;<\/span><\/a><\/p>\n","protected":false},"author":1,"featured_media":0,"parent":0,"menu_order":0,"comment_status":"closed","ping_status":"closed","template":"","meta":{"footnotes":""},"class_list":["post-743","page","type-page","status-publish","hentry"],"_links":{"self":[{"href":"https:\/\/pansch-research.com\/index.php?rest_route=\/wp\/v2\/pages\/743","targetHints":{"allow":["GET"]}}],"collection":[{"href":"https:\/\/pansch-research.com\/index.php?rest_route=\/wp\/v2\/pages"}],"about":[{"href":"https:\/\/pansch-research.com\/index.php?rest_route=\/wp\/v2\/types\/page"}],"author":[{"embeddable":true,"href":"https:\/\/pansch-research.com\/index.php?rest_route=\/wp\/v2\/users\/1"}],"replies":[{"embeddable":true,"href":"https:\/\/pansch-research.com\/index.php?rest_route=%2Fwp%2Fv2%2Fcomments&post=743"}],"version-history":[{"count":6,"href":"https:\/\/pansch-research.com\/index.php?rest_route=\/wp\/v2\/pages\/743\/revisions"}],"predecessor-version":[{"id":1431,"href":"https:\/\/pansch-research.com\/index.php?rest_route=\/wp\/v2\/pages\/743\/revisions\/1431"}],"wp:attachment":[{"href":"https:\/\/pansch-research.com\/index.php?rest_route=%2Fwp%2Fv2%2Fmedia&parent=743"}],"curies":[{"name":"wp","href":"https:\/\/api.w.org\/{rel}","templated":true}]}}