{"id":823,"date":"2020-08-30T07:19:30","date_gmt":"2020-08-30T06:19:30","guid":{"rendered":"http:\/\/pansch-research.com\/?page_id=823"},"modified":"2023-03-04T08:15:10","modified_gmt":"2023-03-04T07:15:10","slug":"article-at-the-abo-akademi-webpage","status":"publish","type":"page","link":"https:\/\/pansch-research.com\/?page_id=823","title":{"rendered":"Most recent articles"},"content":{"rendered":"<h1><a href=\"http:\/\/N\u00e4sta riksdag m\u00e5ste fatta sv\u00e5ra beslut f\u00f6r Sk\u00e4rg\u00e5rdshavet\">Discussions on future research directions and potential<\/a><\/h1>\n<h1><img loading=\"lazy\" decoding=\"async\" class=\"alignnone size-full wp-image-1295\" src=\"http:\/\/pansch-research.com\/wp-content\/uploads\/2023\/03\/Screenshot-2023-03-04-at-9.12.57.png\" alt=\"\" width=\"1946\" height=\"1030\" srcset=\"https:\/\/pansch-research.com\/wp-content\/uploads\/2023\/03\/Screenshot-2023-03-04-at-9.12.57.png 1946w, https:\/\/pansch-research.com\/wp-content\/uploads\/2023\/03\/Screenshot-2023-03-04-at-9.12.57-300x159.png 300w, https:\/\/pansch-research.com\/wp-content\/uploads\/2023\/03\/Screenshot-2023-03-04-at-9.12.57-1024x542.png 1024w, https:\/\/pansch-research.com\/wp-content\/uploads\/2023\/03\/Screenshot-2023-03-04-at-9.12.57-768x406.png 768w, https:\/\/pansch-research.com\/wp-content\/uploads\/2023\/03\/Screenshot-2023-03-04-at-9.12.57-1536x813.png 1536w, https:\/\/pansch-research.com\/wp-content\/uploads\/2023\/03\/Screenshot-2023-03-04-at-9.12.57-1200x635.png 1200w\" sizes=\"auto, (max-width: 709px) 85vw, (max-width: 909px) 67vw, (max-width: 1362px) 62vw, 840px\" \/><\/h1>\n<h1><\/h1>\n<h1><a href=\"https:\/\/abounderrattelser.fi\/varmeboljor-paverkar-ocksa-havet-internationell-forskargrupp-pa-plats-i-korpostrom\/\">\u00c5bo Underr\u00e4ttelser &#8211; Our 2022 Korpo Experiments<\/a><\/h1>\n<h6 style=\"text-align: left;\"><img loading=\"lazy\" decoding=\"async\" class=\"alignnone size-full wp-image-1221\" src=\"http:\/\/pansch-research.com\/wp-content\/uploads\/2022\/08\/Bildschirmfoto-2022-08-05-um-10.45.07.png\" alt=\"\" width=\"721\" height=\"677\" srcset=\"https:\/\/pansch-research.com\/wp-content\/uploads\/2022\/08\/Bildschirmfoto-2022-08-05-um-10.45.07.png 721w, https:\/\/pansch-research.com\/wp-content\/uploads\/2022\/08\/Bildschirmfoto-2022-08-05-um-10.45.07-300x282.png 300w\" sizes=\"auto, (max-width: 721px) 85vw, 721px\" \/><\/h6>\n<h1><a href=\"https:\/\/www.lehtiluukku.fi\/esikatselu\/abo_underrattelser\/18.8.2021\/286882.html\">\u00c5bo Underr\u00e4ttelser &#8211; The 2021 BaltVib sampling<\/a><\/h1>\n<h1><img loading=\"lazy\" decoding=\"async\" class=\"alignnone size-full wp-image-1156\" src=\"http:\/\/pansch-research.com\/wp-content\/uploads\/2022\/05\/Bildschirmfoto-2022-05-26-um-07.55.00.png\" alt=\"\" width=\"1096\" height=\"430\" srcset=\"https:\/\/pansch-research.com\/wp-content\/uploads\/2022\/05\/Bildschirmfoto-2022-05-26-um-07.55.00.png 1096w, https:\/\/pansch-research.com\/wp-content\/uploads\/2022\/05\/Bildschirmfoto-2022-05-26-um-07.55.00-300x118.png 300w, https:\/\/pansch-research.com\/wp-content\/uploads\/2022\/05\/Bildschirmfoto-2022-05-26-um-07.55.00-1024x402.png 1024w, https:\/\/pansch-research.com\/wp-content\/uploads\/2022\/05\/Bildschirmfoto-2022-05-26-um-07.55.00-768x301.png 768w\" sizes=\"auto, (max-width: 709px) 85vw, (max-width: 909px) 67vw, (max-width: 1362px) 62vw, 840px\" \/><\/h1>\n<h1><\/h1>\n<h1 class=\"entry-title\"><a href=\"https:\/\/www.abo.fi\/nyheter\/belastningen-varierar-under-dygnet-och-med-arstiderna\/?fbclid=IwAR0eLEPXvIGwSC80Wd2YUOzjww5qVwMitv20m8xNRuCPF66ozQ6rXDIEQ9s\">Article at \u00c5bo Akademi Webpage<\/a><\/h1>\n<p>Check also: <a href=\"https:\/\/www.abo.fi\/en\/the-sea\/\">The Sea<\/a><\/p>\n<p><img loading=\"lazy\" decoding=\"async\" class=\"alignnone size-large wp-image-781\" src=\"http:\/\/pansch-research.com\/wp-content\/uploads\/2020\/04\/C.Pansch_ZosteraMarina_KielFjord_1-1024x768.jpg\" alt=\"\" width=\"840\" height=\"630\" srcset=\"https:\/\/pansch-research.com\/wp-content\/uploads\/2020\/04\/C.Pansch_ZosteraMarina_KielFjord_1-1024x768.jpg 1024w, https:\/\/pansch-research.com\/wp-content\/uploads\/2020\/04\/C.Pansch_ZosteraMarina_KielFjord_1-300x225.jpg 300w, https:\/\/pansch-research.com\/wp-content\/uploads\/2020\/04\/C.Pansch_ZosteraMarina_KielFjord_1-768x576.jpg 768w, https:\/\/pansch-research.com\/wp-content\/uploads\/2020\/04\/C.Pansch_ZosteraMarina_KielFjord_1-1536x1152.jpg 1536w, https:\/\/pansch-research.com\/wp-content\/uploads\/2020\/04\/C.Pansch_ZosteraMarina_KielFjord_1-2048x1536.jpg 2048w, https:\/\/pansch-research.com\/wp-content\/uploads\/2020\/04\/C.Pansch_ZosteraMarina_KielFjord_1-1200x900.jpg 1200w\" sizes=\"auto, (max-width: 709px) 85vw, (max-width: 909px) 67vw, (max-width: 1362px) 62vw, 840px\" \/><\/p>\n<p>&nbsp;<\/p>\n<header class=\"entry-header\">\n<h1 class=\"entry-title\">Swedish daily newspaper in Finland<\/h1>\n<\/header>\n<div class=\"entry-content\">\n<p>This articles apparently follows an interview that I had previously on my new position here in Turku. We talked about possible measures that could reduce the pressure on tourism during climate extremes such as marine heatwaves. So these ideas are\u00a0accompanied with a comment from the tourist business \u2013 which apparently never thought of potential environmental impacts of their business. So it is about time.<\/p>\n<p><img loading=\"lazy\" decoding=\"async\" class=\"alignnone size-large wp-image-699\" src=\"http:\/\/pansch-research.com\/wp-content\/uploads\/2019\/11\/Sk\u00e4rmavbild-2019-11-23-kl.-10.23.49-710x1024.png\" sizes=\"auto, (max-width: 710px) 85vw, 710px\" srcset=\"http:\/\/pansch-research.com\/wp-content\/uploads\/2019\/11\/Sk\u00e4rmavbild-2019-11-23-kl.-10.23.49-710x1024.png 710w, http:\/\/pansch-research.com\/wp-content\/uploads\/2019\/11\/Sk\u00e4rmavbild-2019-11-23-kl.-10.23.49-208x300.png 208w, http:\/\/pansch-research.com\/wp-content\/uploads\/2019\/11\/Sk\u00e4rmavbild-2019-11-23-kl.-10.23.49.png 731w\" alt=\"\" width=\"710\" height=\"1024\" \/><\/p>\n<\/div>\n<header class=\"entry-header\">\n<h1><\/h1>\n<h1 class=\"entry-title\"><a href=\"https:\/\/www.hbl.fi\/artikel\/aas-nya-professor-i-havsforskning-kunde-andringar-i-skargardens-turism-vara-ett-satt-att-skydda-os\/\">Newspaper advert at Hufvudstadsbladet<\/a><\/h1>\n<\/header>\n<div class=\"entry-content\">\n<p>\u2018\u00c5A\u2019s new professor of marine research: Could changes in the archipelago\u2019s tourism be a way to protect the Baltic Sea?\u2019<\/p>\n<p><img loading=\"lazy\" decoding=\"async\" class=\"alignnone size-full wp-image-1154\" src=\"http:\/\/pansch-research.com\/wp-content\/uploads\/2022\/05\/Bildschirmfoto-2022-05-26-um-07.58.47.png\" alt=\"\" width=\"1140\" height=\"1294\" srcset=\"https:\/\/pansch-research.com\/wp-content\/uploads\/2022\/05\/Bildschirmfoto-2022-05-26-um-07.58.47.png 1140w, https:\/\/pansch-research.com\/wp-content\/uploads\/2022\/05\/Bildschirmfoto-2022-05-26-um-07.58.47-264x300.png 264w, https:\/\/pansch-research.com\/wp-content\/uploads\/2022\/05\/Bildschirmfoto-2022-05-26-um-07.58.47-902x1024.png 902w, https:\/\/pansch-research.com\/wp-content\/uploads\/2022\/05\/Bildschirmfoto-2022-05-26-um-07.58.47-768x872.png 768w\" sizes=\"auto, (max-width: 709px) 85vw, (max-width: 909px) 67vw, (max-width: 1362px) 62vw, 840px\" \/><\/p>\n<\/div>\n","protected":false},"excerpt":{"rendered":"<p>Discussions on future research directions and potential \u00c5bo Underr\u00e4ttelser &#8211; Our 2022 Korpo Experiments \u00c5bo Underr\u00e4ttelser &#8211; The 2021 BaltVib sampling Article at \u00c5bo Akademi Webpage Check also: The Sea &nbsp; Swedish daily newspaper in Finland This articles apparently follows an interview that I had previously on my new position here in Turku. We talked &hellip; <a href=\"https:\/\/pansch-research.com\/?page_id=823\" class=\"more-link\">Continue reading<span class=\"screen-reader-text\"> &#8220;Most recent articles&#8221;<\/span><\/a><\/p>\n","protected":false},"author":1,"featured_media":0,"parent":0,"menu_order":0,"comment_status":"closed","ping_status":"closed","template":"","meta":{"footnotes":""},"class_list":["post-823","page","type-page","status-publish","hentry"],"_links":{"self":[{"href":"https:\/\/pansch-research.com\/index.php?rest_route=\/wp\/v2\/pages\/823","targetHints":{"allow":["GET"]}}],"collection":[{"href":"https:\/\/pansch-research.com\/index.php?rest_route=\/wp\/v2\/pages"}],"about":[{"href":"https:\/\/pansch-research.com\/index.php?rest_route=\/wp\/v2\/types\/page"}],"author":[{"embeddable":true,"href":"https:\/\/pansch-research.com\/index.php?rest_route=\/wp\/v2\/users\/1"}],"replies":[{"embeddable":true,"href":"https:\/\/pansch-research.com\/index.php?rest_route=%2Fwp%2Fv2%2Fcomments&post=823"}],"version-history":[{"count":14,"href":"https:\/\/pansch-research.com\/index.php?rest_route=\/wp\/v2\/pages\/823\/revisions"}],"predecessor-version":[{"id":1299,"href":"https:\/\/pansch-research.com\/index.php?rest_route=\/wp\/v2\/pages\/823\/revisions\/1299"}],"wp:attachment":[{"href":"https:\/\/pansch-research.com\/index.php?rest_route=%2Fwp%2Fv2%2Fmedia&parent=823"}],"curies":[{"name":"wp","href":"https:\/\/api.w.org\/{rel}","templated":true}]}}